{"id":1420,"date":"2021-04-13T15:14:33","date_gmt":"2021-04-13T15:14:33","guid":{"rendered":"https:\/\/www.reachingbeyond.eu\/?page_id=1420"},"modified":"2022-12-09T21:43:24","modified_gmt":"2022-12-09T21:43:24","slug":"ochrona-danych-2","status":"publish","type":"page","link":"https:\/\/www.reachingbeyond.eu\/index.php\/ochrona-danych-2\/","title":{"rendered":"Ochrona danych"},"content":{"rendered":"\t\t<div data-elementor-type=\"wp-page\" data-elementor-id=\"1420\" class=\"elementor elementor-1420\" data-elementor-post-type=\"page\">\n\t\t\t\t\t\t<section class=\"elementor-section elementor-top-section elementor-element elementor-element-3bd6a1e elementor-section-boxed elementor-section-height-default elementor-section-height-default\" data-id=\"3bd6a1e\" data-element_type=\"section\" data-e-type=\"section\">\n\t\t\t\t\t\t<div class=\"elementor-container elementor-column-gap-default\">\n\t\t\t\t\t<div class=\"elementor-column elementor-col-100 elementor-top-column elementor-element elementor-element-b316e12\" data-id=\"b316e12\" data-element_type=\"column\" data-e-type=\"column\">\n\t\t\t<div class=\"elementor-widget-wrap elementor-element-populated\">\n\t\t\t\t\t\t<div class=\"elementor-element elementor-element-8b19be0 elementor-widget elementor-widget-text-editor\" data-id=\"8b19be0\" data-element_type=\"widget\" data-e-type=\"widget\" data-widget_type=\"text-editor.default\">\n\t\t\t\t<div class=\"elementor-widget-container\">\n\t\t\t\t\t\t\t\t\t<h4 style=\"text-align: center;\"><strong>INFORMACJE DOTYCZ\u0104CE PRZETWARZANIA DANYCH OSOBOWYCH W FUNDACJI <\/strong><strong>\u00a0REACHING BEYOND &#8211; SI\u0118GAJ\u0104C NIEBA<\/strong><\/h4><p>\u00a0<\/p><p style=\"padding-left: 40px;\"><strong>FUNDACJA REACHING BEYOND &#8211; SI\u0118GAJ\u0104C NIEBA<\/strong>, zwana dalej Fundacj\u0105, b\u0119d\u0105ca Administratorem Danych Osobowych, przywi\u0105zuje szczeg\u00f3ln\u0105 uwag\u0119 do bezpiecze\u0144stwa przetwarzanych danych osobowych oraz do ochrony danych osobowych. W celu zapewnienia przejrzysto\u015bci przetwarzania danych osobowych, informujemy, co nast\u0119puje:<\/p><p style=\"text-align: center;\"><strong>INFORMACJE DOTYCZ\u0104CE ADMINISTRATORA DANYCH OSOBOWYCH<\/strong><\/p><p>\u00a0<\/p><p style=\"padding-left: 40px;\">Administratorem Danych Osobowych jest Fundacja Reaching Beyond &#8211; Si\u0119gaj\u0105c Nieba z siedzib\u0105 w Opolu, zwana dalej Administratorem (ADO).<\/p><p style=\"padding-left: 40px;\">Dane kontaktowe Administratora:<\/p><p style=\"padding-left: 40px;\">adres: ul. Fryderyka Chopina 41\/2, 20-023 Lublin<br \/>telefon: 502 508 753,<br \/>email: fundacja@reachingbeyond.eu<\/p><p style=\"padding-left: 40px;\">Je\u015bli maj\u0105 Pa\u0144stwa pytania, dotycz\u0105ce sposobu i zakresu przetwarzania danych osobowych, a tak\u017ce przys\u0142uguj\u0105cych Pa\u0144stwu uprawnie\u0144, prosimy o kontakt z Administratorem.<\/p><p>\u00a0<\/p><p style=\"text-align: center;\"><strong>CZYJE DANE PRZETWARZAMY<\/strong><\/p><p style=\"padding-left: 40px;\">Fundacja, w zwi\u0105zku z prowadzon\u0105 dzia\u0142alno\u015bci\u0105, przetwarza dane nast\u0119puj\u0105cych os\u00f3b:<\/p><ul><li>\u00a0Podopiecznych Fundacji i\/lub os\u00f3b reprezentuj\u0105cych podopiecznych (beneficjent\u00f3w-podopiecznych, odbiorc\u00f3w us\u0142ug i \u015bwiadcze\u0144, os\u00f3b zg\u0142aszaj\u0105cych si\u0119 do Fundacji z pro\u015bb\u0105 o pomoc dora\u017an\u0105 lub obj\u0119cie projektem)<\/li><li>Darczy\u0144c\u00f3w Fundacji oraz Podatnik\u00f3w, kt\u00f3rzy zadeklarowali sw\u00f3j 1% podatku w zeznaniu podatkowym na cel realizowany przez Fundacj\u0119<\/li><li>Os\u00f3b kontaktuj\u0105cych si\u0119 z Fundacj\u0105 w okre\u015blonej sprawie oraz os\u00f3b, z kt\u00f3rymi Fundacja nawi\u0105zuje kontakt<\/li><li>Pracownik\u00f3w, Wsp\u00f3\u0142pracuj\u0105cych na podstawie umowy cywilno-prawnej, Kandydat\u00f3w, Wolontariuszy, Sta\u017cyst\u00f3w, Kontrahent\u00f3w<\/li><li>Uczestnik\u00f3w wydarze\u0144 organizowanych przez Fundacj\u0119 (szkole\u0144, konferencji, event\u00f3w)<\/li><li>Dane subskrybent\u00f3w lub subskrybentek newslettera<\/li><li>Dane os\u00f3b, przetwarzane przy pomocy narz\u0119dzi udost\u0119pnianych przez media spo\u0142eczno\u015bciowe, np. Facebook, inne.<\/li><\/ul><p>\u00a0<\/p><p style=\"text-align: center;\"><strong>JAKIE S\u0104 CELE I PODSTAWY PRAWNE PRZETWARZANIA DANYCH OSOBOWYCH ?<\/strong><\/p><p>\u00a0<\/p><p style=\"padding-left: 40px;\">Fundacja przetwarza dane w celu realizacji zada\u0144 Statutowych (Cele Statutowe dost\u0119pne s\u0105 na stronie internetowej Fundacji, Facebooku, innych mediach spo\u0142eczno\u015bciowych). Przetwarzanie odbywa si\u0119 na podstawie w\u0142a\u015bciwej i obowi\u0105zuj\u0105cej podstawy prawnej.<\/p><p style=\"padding-left: 40px;\">Fundacja przetwarza dane w celu i na podstawie:<\/p><ul><li><strong>6 ust. 1 lit. a) RODO <\/strong>&#8211;<strong> Zgody.<\/strong> Zgoda jest pobierana tylko w sytuacji, gdy Administrator nie ma mo\u017cliwo\u015bci przetwarzania danych na innej podstawie prawnej. Na podstawie zgody Administrator przetwarza dane szczeg\u00f3lnej kategorii, np. dotycz\u0105ce stanu zdrowia lub religii, innych sytuacjach przewidzianych przepisami prawa.<\/li><li><strong>6 ust. 1 lit b) RODO <\/strong>&#8211; W celu realizacji umowy. W sytuacji gdy przetwarzanie jest niezb\u0119dne do wykonania umowy, gdzie drug\u0105 Stron\u0105 jest osoba, kt\u00f3rej dane dotycz\u0105 lub s\u0105 niezb\u0119dne do podj\u0119cia dzia\u0142a\u0144 na \u017c\u0105danie osoby, kt\u00f3rej dane dotycz\u0105, przed zawarciem umowy, np. umowy o prac\u0119, umowy zlecenia, umowy wolontariatu, umowy z kontrahentami\/partnerami Fundacji.<\/li><li><strong>6 ust. 1 lit. c) RODO <\/strong>&#8211; W sytuacji gdy przetwarzanie jest niezb\u0119dne do wype\u0142nienia obowi\u0105zku prawnego, ci\u0105\u017c\u0105cego na Administratorze. Obowi\u0105zki te wynikaj\u0105, w szczeg\u00f3lno\u015bci, z przepis\u00f3w Ustawy o Fundacjach, Ustawy o dzia\u0142alno\u015bci po\u017cytku publicznego i wolontariacie, Ustawy o rachunkowo\u015bci, Kodeksu Pracy, przepis\u00f3w podatkowych, przepis\u00f3w dot. ubezpiecze\u0144 spo\u0142ecznych, ubezpiecze\u0144 zdrowotnych, innych przepis\u00f3w powszechnie obowi\u0105zuj\u0105cych.<\/li><li><strong>6 ust. 1 lit. e) RODO <\/strong>&#8211; W sytuacji gdy przetwarzanie jest niezb\u0119dne do wykonania zadania realizowanego w interesie publicznym. Przyk\u0142adem takiego zadania jest dzia\u0142alno\u015b\u0107 wspomagaj\u0105ca nauk\u0119, edukacj\u0119, o\u015bwiat\u0119 i wychowanie, dzia\u0142ania na rzecz dzieci i m\u0142odzie\u017cy itp.<\/li><li><strong>6 ust. 1 lit. f) RODO <\/strong>&#8211; W sytuacji gdy przetwarzanie jest niezb\u0119dne do cel\u00f3w wynikaj\u0105cych z prawnie uzasadnionych interes\u00f3w Administratora, takich jak dochodzenie roszcze\u0144 lub ochrona praw Fundacji, zapewnienie bezpiecze\u0144stwa mienia Fundacji, cele promocyjne i informacyjne.<\/li><\/ul><p style=\"padding-left: 40px;\">\u00a0<\/p><p style=\"padding-left: 40px;\">Fundacja, przed przyst\u0105pieniem do przetwarzania danych osobowych, na podstawie prawnie uzasadnionego interesu, okre\u015bla ten interes oraz przeprowadza test r\u00f3wnowagi wzgl\u0119dem interes\u00f3w oraz praw podstawowych osoby, kt\u00f3rej dane dotycz\u0105.<\/p><p style=\"text-align: center;\"><strong>KOMU PRZEKAZUJEMY PA\u0143STWA DANE?<\/strong><\/p><p style=\"padding-left: 40px;\">W okre\u015blonych sytuacjach koniecznym b\u0119dzie przekazanie Pa\u0144stwa danych podmiotom trzecim.<\/p><p style=\"padding-left: 40px;\">Pa\u0144stwa dane mog\u0105 by\u0107 udost\u0119pniane podmiotom upowa\u017cnionym na mocy przepis\u00f3w prawa oraz podmiotom, kt\u00f3rym przekazanie danych jest uzasadnione dla wykonania statutowych cel\u00f3w lub\/i realizacji okre\u015blonej us\u0142ugi\/projektu np. na podstawie um\u00f3w powierzenia przetwarzania danych.<\/p><p style=\"padding-left: 40px;\">Podmioty te, o ile przetwarzaj\u0105 Pa\u0144stwa dane osobowe na nasze zlecenie, dzia\u0142aj\u0105 na podstawie zawartych z Fundacj\u0105 um\u00f3w powierzenia i na r\u00f3wni z Fundacj\u0105 s\u0105 zobowi\u0105zane do ochrony Pa\u0144stwa danych osobowych.<\/p><p style=\"padding-left: 40px;\">S\u0105 to podmioty, kt\u00f3re odpowiadaj\u0105 m.in. za: obs\u0142ug\u0119 prawn\u0105 Fundacji, obs\u0142ug\u0119 informatyczn\u0105 IT (np. hosting danych, wysy\u0142anie poczty email, wsparcie techniczne), organizacj\u0119 wyjazd\u00f3w\/ wydarze\u0144\/szkole\u0144.<\/p><p style=\"padding-left: 40px;\">W wybranych przypadkach podmioty przetwarzaj\u0105ce staj\u0105 si\u0119 odr\u0119bnymi administratorami Pa\u0144stwa danych osobowych (dotyczy to np. dostawc\u00f3w us\u0142ug p\u0142atniczych, m.in. PayU, PayPal, dotpay\/ bank\u00f3w\/ instytucji finansowych, Poczty Polskiej oraz innych firm dzia\u0142aj\u0105cych na podstawie prawa pocztowego).<\/p><p style=\"text-align: center;\"><strong>PRZEZ JAKI OKRES PRZECHOWUJEMY DANE OSOBOWE? <\/strong><\/p><p style=\"padding-left: 40px;\">Fundacja b\u0119dzie przetwarza\u0107 Pa\u0144stwa dane przez okres wskazany w\u0142a\u015bciwymi obowi\u0105zuj\u0105cymi przepisami prawa lub przez okres niezb\u0119dny do realizacji celu, dla kt\u00f3rego dane zosta\u0142y zebrane.<\/p><p style=\"padding-left: 40px;\">W przypadku, gdy Fundacja przetwarza dane osobowe na podstawie zgody, okres przetwarzania danych b\u0119dzie mo\u017cliwy do czasu wycofania tej zgody lub ustania celu przetwarzania, co do kt\u00f3rego ta zgoda zosta\u0142a udzielona.<\/p><p style=\"padding-left: 40px;\">Szczeg\u00f3\u0142owe informacje dotycz\u0105ce okresu przetwarzania danych osobowych konkretnej grupy podmiot\u00f3w danych osobowych zawiera polityka prywatno\u015bci Fundacji.<\/p><p style=\"text-align: center;\"><strong>CZY PRZEKAZUJEMY DANE DO PA\u0143STW TRZECICH?<\/strong><\/p><p style=\"padding-left: 40px;\">Fundacja nie ma zamiaru przekazywa\u0107 Pa\u0144stwa danych osobowych do pa\u0144stw trzecich, b\u0105d\u017a organizacji mi\u0119dzynarodowych.<\/p><p style=\"text-align: center;\"><strong>CZY PODANIE DANYCH JEST DOBROWOLNE?<\/strong><\/p><p style=\"padding-left: 40px;\">Podanie danych osobowych jest dobrowolne.<\/p><p style=\"text-align: center;\"><strong>JAKIE PRAWA PA\u0143STWU PRZYS\u0141UGUJ\u0104?<\/strong><\/p><p style=\"padding-left: 40px;\">Przys\u0142uguj\u0105 Pa\u0144stwu nast\u0119puj\u0105ce prawa:<\/p><ul><li>\u00a0Prawo dost\u0119pu do Pa\u0144stwa danych osobowych<\/li><li>Prawo do sprostowania Pa\u0144stwa danych osobowych<\/li><li>Prawo do usuni\u0119cia Pa\u0144stwa danych osobowych<\/li><li>\u00a0Prawo do ograniczenia przetwarzania Pa\u0144stwa danych osobowych<\/li><li>Prawo do wniesienia sprzeciwu wobec przetwarzania Pa\u0144stwa danych osobowych<\/li><li>Prawo do przenoszenia Pa\u0144stwa danych osobowych<\/li><li>Prawo do cofni\u0119cia zgody na przetwarzanie Pa\u0144stwa danych osobowych<\/li><li>Prawo wniesienia skargi do organu nadzorczego, tj. Prezesa Urz\u0119du Ochrony Danych Osobowych.<\/li><\/ul><p style=\"padding-left: 40px;\">W celu realizacji w\/w praw nale\u017cy skontaktowa\u0107 si\u0119 z Fundacj\u0105.<\/p>\t\t\t\t\t\t\t\t<\/div>\n\t\t\t\t<\/div>\n\t\t\t\t\t<\/div>\n\t\t<\/div>\n\t\t\t\t\t<\/div>\n\t\t<\/section>\n\t\t\t\t<\/div>\n\t\t","protected":false},"excerpt":{"rendered":"<p>INFORMACJE DOTYCZ\u0104CE PRZETWARZANIA DANYCH OSOBOWYCH W FUNDACJI \u00a0REACHING BEYOND &#8211; SI\u0118GAJ\u0104C NIEBA \u00a0 FUNDACJA REACHING BEYOND &#8211; SI\u0118GAJ\u0104C NIEBA, zwana dalej Fundacj\u0105, b\u0119d\u0105ca Administratorem Danych Osobowych, przywi\u0105zuje szczeg\u00f3ln\u0105 uwag\u0119 do bezpiecze\u0144stwa przetwarzanych danych osobowych oraz do ochrony danych osobowych. W celu zapewnienia przejrzysto\u015bci przetwarzania danych osobowych, informujemy, co nast\u0119puje: INFORMACJE DOTYCZ\u0104CE ADMINISTRATORA DANYCH OSOBOWYCH \u00a0 [&hellip;]<\/p>\n","protected":false},"author":3,"featured_media":0,"parent":0,"menu_order":0,"comment_status":"closed","ping_status":"closed","template":"","meta":{"footnotes":""},"class_list":["post-1420","page","type-page","status-publish","hentry"],"_links":{"self":[{"href":"https:\/\/www.reachingbeyond.eu\/index.php\/wp-json\/wp\/v2\/pages\/1420","targetHints":{"allow":["GET"]}}],"collection":[{"href":"https:\/\/www.reachingbeyond.eu\/index.php\/wp-json\/wp\/v2\/pages"}],"about":[{"href":"https:\/\/www.reachingbeyond.eu\/index.php\/wp-json\/wp\/v2\/types\/page"}],"author":[{"embeddable":true,"href":"https:\/\/www.reachingbeyond.eu\/index.php\/wp-json\/wp\/v2\/users\/3"}],"replies":[{"embeddable":true,"href":"https:\/\/www.reachingbeyond.eu\/index.php\/wp-json\/wp\/v2\/comments?post=1420"}],"version-history":[{"count":22,"href":"https:\/\/www.reachingbeyond.eu\/index.php\/wp-json\/wp\/v2\/pages\/1420\/revisions"}],"predecessor-version":[{"id":1810,"href":"https:\/\/www.reachingbeyond.eu\/index.php\/wp-json\/wp\/v2\/pages\/1420\/revisions\/1810"}],"wp:attachment":[{"href":"https:\/\/www.reachingbeyond.eu\/index.php\/wp-json\/wp\/v2\/media?parent=1420"}],"curies":[{"name":"wp","href":"https:\/\/api.w.org\/{rel}","templated":true}]}}