{"id":1891,"date":"2022-12-09T23:33:23","date_gmt":"2022-12-09T23:33:23","guid":{"rendered":"https:\/\/www.reachingbeyond.eu\/?page_id=1891"},"modified":"2023-10-17T11:38:21","modified_gmt":"2023-10-17T11:38:21","slug":"oferta","status":"publish","type":"page","link":"https:\/\/www.reachingbeyond.eu\/index.php\/oferta\/","title":{"rendered":"Dzia\u0142ania"},"content":{"rendered":"\t\t<div data-elementor-type=\"wp-page\" data-elementor-id=\"1891\" class=\"elementor elementor-1891\" data-elementor-post-type=\"page\">\n\t\t\t\t\t\t<section class=\"elementor-section elementor-top-section elementor-element elementor-element-229ccd0 elementor-section-boxed elementor-section-height-default elementor-section-height-default\" data-id=\"229ccd0\" data-element_type=\"section\" data-e-type=\"section\">\n\t\t\t\t\t\t<div class=\"elementor-container elementor-column-gap-default\">\n\t\t\t\t\t<div class=\"elementor-column elementor-col-50 elementor-top-column elementor-element elementor-element-c0179eb\" data-id=\"c0179eb\" data-element_type=\"column\" data-e-type=\"column\">\n\t\t\t<div class=\"elementor-widget-wrap elementor-element-populated\">\n\t\t\t\t\t\t<div class=\"elementor-element elementor-element-a64a973 elementor-widget elementor-widget-heading\" data-id=\"a64a973\" data-element_type=\"widget\" data-e-type=\"widget\" data-widget_type=\"heading.default\">\n\t\t\t\t<div class=\"elementor-widget-container\">\n\t\t\t\t\t<h4 class=\"elementor-heading-title elementor-size-default\">Media spo\u0142eczno\u015bciowe<\/h4>\t\t\t\t<\/div>\n\t\t\t\t<\/div>\n\t\t\t\t<div class=\"elementor-element elementor-element-37741d5 elementor-view-default elementor-widget elementor-widget-icon\" data-id=\"37741d5\" data-element_type=\"widget\" data-e-type=\"widget\" data-widget_type=\"icon.default\">\n\t\t\t\t<div class=\"elementor-widget-container\">\n\t\t\t\t\t\t\t<div class=\"elementor-icon-wrapper\">\n\t\t\t<div class=\"elementor-icon\">\n\t\t\t<svg aria-hidden=\"true\" class=\"e-font-icon-svg e-fab-facebook-square\" viewBox=\"0 0 448 512\" xmlns=\"http:\/\/www.w3.org\/2000\/svg\"><path d=\"M400 32H48A48 48 0 0 0 0 80v352a48 48 0 0 0 48 48h137.25V327.69h-63V256h63v-54.64c0-62.15 37-96.48 93.67-96.48 27.14 0 55.52 4.84 55.52 4.84v61h-31.27c-30.81 0-40.42 19.12-40.42 38.73V256h68.78l-11 71.69h-57.78V480H400a48 48 0 0 0 48-48V80a48 48 0 0 0-48-48z\"><\/path><\/svg>\t\t\t<\/div>\n\t\t<\/div>\n\t\t\t\t\t\t<\/div>\n\t\t\t\t<\/div>\n\t\t\t\t<div class=\"elementor-element elementor-element-83f8487 elementor-widget elementor-widget-text-editor\" data-id=\"83f8487\" data-element_type=\"widget\" data-e-type=\"widget\" data-widget_type=\"text-editor.default\">\n\t\t\t\t<div class=\"elementor-widget-container\">\n\t\t\t\t\t\t\t\t\t<p>Na naszym kanale Facebook i YouTube udost\u0119pniamy:<\/p><ul style=\"font-weight: 400;\"><li>Kr\u00f3tkie filmy\u00a0 z rozwa\u017caniami, w j\u0119zyku angielskim, w serii pt. \u201eFrom the Diary of Saint Sister Faustina Kowalska\u201d (Z Dzienniczka \u015awi\u0119tej Siostry Faustyny Kowalskiej).<\/li><li>\u201e\u015arodowe ma\u0142\u017ce\u0144stwa si\u0119gaj\u0105ce nieba\u201d \u2013 posty na Facebook, z kr\u00f3tkimi refleksjami, w j\u0119zyku angielskim i polskim, dotycz\u0105cymi \u017cycia ma\u0142\u017ce\u0144skiego.<\/li><li>Filmy z serii \u201eTrudni ludzie, trudne sytuacje \u2013 a my i tak idziemy do przodu\u201d \u2013 dotycz\u0105ce toksycznych sytuacji i relacji, kt\u00f3re pojawiaj\u0105 si\u0119 w naszym codziennym \u017cyciu.<\/li><li>Filmy z serii &#8222;Zasady, wed\u0142ug kt\u00f3rych \u017cyj\u0105 ludzie szcz\u0119\u015bliwi&#8221; &#8211; s\u0105 to to filmiki na podstawie ksi\u0105\u017cki: Dr Henry Cloud, &#8222;Never go back.10 things you never do again., Howard Books, 2014&#8221;.<\/li><li>Seria &#8222;Kilka my\u015bli o modlitwie&#8221; w formie podcast\u00f3w i filmik\u00f3w.<\/li><\/ul>\t\t\t\t\t\t\t\t<\/div>\n\t\t\t\t<\/div>\n\t\t\t\t\t<\/div>\n\t\t<\/div>\n\t\t\t\t<div class=\"elementor-column elementor-col-50 elementor-top-column elementor-element elementor-element-12c2145\" data-id=\"12c2145\" data-element_type=\"column\" data-e-type=\"column\">\n\t\t\t<div class=\"elementor-widget-wrap elementor-element-populated\">\n\t\t\t\t\t\t<div class=\"elementor-element elementor-element-132f2d3 elementor-widget elementor-widget-heading\" data-id=\"132f2d3\" data-element_type=\"widget\" data-e-type=\"widget\" data-widget_type=\"heading.default\">\n\t\t\t\t<div class=\"elementor-widget-container\">\n\t\t\t\t\t<h4 class=\"elementor-heading-title elementor-size-default\">Wsp\u00f3\u0142praca<\/h4>\t\t\t\t<\/div>\n\t\t\t\t<\/div>\n\t\t\t\t<div class=\"elementor-element elementor-element-0435700 elementor-view-default elementor-widget elementor-widget-icon\" data-id=\"0435700\" data-element_type=\"widget\" data-e-type=\"widget\" data-widget_type=\"icon.default\">\n\t\t\t\t<div class=\"elementor-widget-container\">\n\t\t\t\t\t\t\t<div class=\"elementor-icon-wrapper\">\n\t\t\t<div class=\"elementor-icon\">\n\t\t\t<svg aria-hidden=\"true\" class=\"e-font-icon-svg e-fas-praying-hands\" viewBox=\"0 0 640 512\" xmlns=\"http:\/\/www.w3.org\/2000\/svg\"><path d=\"M272 191.91c-17.6 0-32 14.4-32 32v80c0 8.84-7.16 16-16 16s-16-7.16-16-16v-76.55c0-17.39 4.72-34.47 13.69-49.39l77.75-129.59c9.09-15.16 4.19-34.81-10.97-43.91-14.45-8.67-32.72-4.3-42.3 9.21-.2.23-.62.21-.79.48l-117.26 175.9C117.56 205.9 112 224.31 112 243.29v80.23l-90.12 30.04A31.974 31.974 0 0 0 0 383.91v96c0 10.82 8.52 32 32 32 2.69 0 5.41-.34 8.06-1.03l179.19-46.62C269.16 449.99 304 403.8 304 351.91v-128c0-17.6-14.4-32-32-32zm346.12 161.73L528 323.6v-80.23c0-18.98-5.56-37.39-16.12-53.23L394.62 14.25c-.18-.27-.59-.24-.79-.48-9.58-13.51-27.85-17.88-42.3-9.21-15.16 9.09-20.06 28.75-10.97 43.91l77.75 129.59c8.97 14.92 13.69 32 13.69 49.39V304c0 8.84-7.16 16-16 16s-16-7.16-16-16v-80c0-17.6-14.4-32-32-32s-32 14.4-32 32v128c0 51.89 34.84 98.08 84.75 112.34l179.19 46.62c2.66.69 5.38 1.03 8.06 1.03 23.48 0 32-21.18 32-32v-96c0-13.77-8.81-25.99-21.88-30.35z\"><\/path><\/svg>\t\t\t<\/div>\n\t\t<\/div>\n\t\t\t\t\t\t<\/div>\n\t\t\t\t<\/div>\n\t\t\t\t<div class=\"elementor-element elementor-element-22bdbe9 elementor-widget elementor-widget-text-editor\" data-id=\"22bdbe9\" data-element_type=\"widget\" data-e-type=\"widget\" data-widget_type=\"text-editor.default\">\n\t\t\t\t<div class=\"elementor-widget-container\">\n\t\t\t\t\t\t\t\t\t<p>Podejmujemy wsp\u00f3\u0142prac\u0119 z:<\/p><ol><li>Archidiecezjalnym Duszpasterstwem M\u0142odzie\u017cy w Lublinie (CDM):<ul><li>Nagrywamy filmy dla m\u0142odzie\u017cy pt. \u201eNiecodzienne rozmowy o \u2026\u201d.<br \/>S\u0105 to filmy, w kt\u00f3rych dyskutujemy wa\u017cne tematy dotycz\u0105ce relacji romantycznych, granic, potrzeb, relacji z Bogiem.<\/li><li>Cyklicznie podejmujemy dy\u017cury w CDM. S\u0105 to indywidualne spotkania <br \/>z tymi, kt\u00f3rzy potrzebuj\u0105 rozmowy i modlitwy.<\/li><li>Publikujemy na Facebook CDM filmy z serii \u201e\u201eDiary of Saint Sister Faustina Kowalska\u201d, \u201eTrudni ludzie, trudne sytuacje \u2013 a my i tak idziemy do przodu\u201d oraz inne filmy udost\u0119pniane przez Fundacj\u0119.\u00a0<\/li><\/ul><\/li><li>Fundacj\u0105 Odzyskani:<ul><li>Jeste\u015bmy cz\u0119\u015bci\u0105 w Programu WINGS. Jest to program mentoringowy, sk\u0142adaj\u0105cy si\u0119 ze indywidualnych spotka\u0144 mentora z wybran\u0105 <br \/>przez Fundacj\u0119 Odzyskani osob\u0105. Spotkania maj\u0105 na celu wsparcie rozwoju osobistego i pomoc w rozeznaniu przysz\u0142o\u015bci.<\/li><\/ul><\/li><li>Parafi\u0105 p.w. Naj\u015bwi\u0119tszej Maryi Panny Bolesnej z siedzib\u0105 we Wroc\u0142awiu-Strachocin, kt\u00f3ra zajmuje si\u0119 wsp\u00f3lnot\u0105 m\u0142odzie\u017cy &#8222;Kompania Jonatana&#8221;:<\/li><\/ol><ol><li style=\"list-style-type: none;\"><ul><li>W ramach projektu \u201eM\u0142odzi pytaj\u0105\u201d spotykamy si\u0119 on-line <br \/>z m\u0142odzie\u017c\u0105\u00a0 ze wsp\u00f3lnoty, aby odpowiada\u0107 na ich pytania dotycz\u0105ce, mi\u0119dzy innymi, \u017cycia, wiary w Boga i relacji.<\/li><li>W ramach rekolekcji wsp\u00f3lnoty \u201eKompanii Jonatana\u201d towarzyszymy m\u0142odzie\u017cy i odpowiedzialnym wsp\u00f3lnoty poprzez indywidualne rozmowy i spotkania w wi\u0119kszych grupach.<\/li><\/ul><\/li><\/ol>\t\t\t\t\t\t\t\t<\/div>\n\t\t\t\t<\/div>\n\t\t\t\t\t<\/div>\n\t\t<\/div>\n\t\t\t\t\t<\/div>\n\t\t<\/section>\n\t\t\t\t<section class=\"elementor-section elementor-top-section elementor-element elementor-element-6e8ac13 elementor-section-boxed elementor-section-height-default elementor-section-height-default\" data-id=\"6e8ac13\" data-element_type=\"section\" data-e-type=\"section\">\n\t\t\t\t\t\t<div class=\"elementor-container elementor-column-gap-default\">\n\t\t\t\t\t<div class=\"elementor-column elementor-col-33 elementor-top-column elementor-element elementor-element-5491959\" data-id=\"5491959\" data-element_type=\"column\" data-e-type=\"column\">\n\t\t\t<div class=\"elementor-widget-wrap\">\n\t\t\t\t\t\t\t<\/div>\n\t\t<\/div>\n\t\t\t\t<div class=\"elementor-column elementor-col-33 elementor-top-column elementor-element elementor-element-3f560ac\" data-id=\"3f560ac\" data-element_type=\"column\" data-e-type=\"column\">\n\t\t\t<div class=\"elementor-widget-wrap\">\n\t\t\t\t\t\t\t<\/div>\n\t\t<\/div>\n\t\t\t\t<div class=\"elementor-column elementor-col-33 elementor-top-column elementor-element elementor-element-46bd44b\" data-id=\"46bd44b\" data-element_type=\"column\" data-e-type=\"column\">\n\t\t\t<div class=\"elementor-widget-wrap\">\n\t\t\t\t\t\t\t<\/div>\n\t\t<\/div>\n\t\t\t\t\t<\/div>\n\t\t<\/section>\n\t\t\t\t<\/div>\n\t\t","protected":false},"excerpt":{"rendered":"<p>Media spo\u0142eczno\u015bciowe Na naszym kanale Facebook i YouTube udost\u0119pniamy: Kr\u00f3tkie filmy\u00a0 z rozwa\u017caniami, w j\u0119zyku angielskim, w serii pt. \u201eFrom the Diary of Saint Sister Faustina Kowalska\u201d (Z Dzienniczka \u015awi\u0119tej Siostry Faustyny Kowalskiej). \u201e\u015arodowe ma\u0142\u017ce\u0144stwa si\u0119gaj\u0105ce nieba\u201d \u2013 posty na Facebook, z kr\u00f3tkimi refleksjami, w j\u0119zyku angielskim i polskim, dotycz\u0105cymi \u017cycia ma\u0142\u017ce\u0144skiego. Filmy z serii [&hellip;]<\/p>\n","protected":false},"author":2,"featured_media":0,"parent":0,"menu_order":0,"comment_status":"closed","ping_status":"closed","template":"","meta":{"footnotes":""},"class_list":["post-1891","page","type-page","status-publish","hentry"],"_links":{"self":[{"href":"https:\/\/www.reachingbeyond.eu\/index.php\/wp-json\/wp\/v2\/pages\/1891","targetHints":{"allow":["GET"]}}],"collection":[{"href":"https:\/\/www.reachingbeyond.eu\/index.php\/wp-json\/wp\/v2\/pages"}],"about":[{"href":"https:\/\/www.reachingbeyond.eu\/index.php\/wp-json\/wp\/v2\/types\/page"}],"author":[{"embeddable":true,"href":"https:\/\/www.reachingbeyond.eu\/index.php\/wp-json\/wp\/v2\/users\/2"}],"replies":[{"embeddable":true,"href":"https:\/\/www.reachingbeyond.eu\/index.php\/wp-json\/wp\/v2\/comments?post=1891"}],"version-history":[{"count":53,"href":"https:\/\/www.reachingbeyond.eu\/index.php\/wp-json\/wp\/v2\/pages\/1891\/revisions"}],"predecessor-version":[{"id":2566,"href":"https:\/\/www.reachingbeyond.eu\/index.php\/wp-json\/wp\/v2\/pages\/1891\/revisions\/2566"}],"wp:attachment":[{"href":"https:\/\/www.reachingbeyond.eu\/index.php\/wp-json\/wp\/v2\/media?parent=1891"}],"curies":[{"name":"wp","href":"https:\/\/api.w.org\/{rel}","templated":true}]}}