{"id":1924,"date":"2022-12-12T16:16:24","date_gmt":"2022-12-12T16:16:24","guid":{"rendered":"https:\/\/www.reachingbeyond.eu\/?page_id=1924"},"modified":"2022-12-12T16:24:35","modified_gmt":"2022-12-12T16:24:35","slug":"uwielbienie","status":"publish","type":"page","link":"https:\/\/www.reachingbeyond.eu\/index.php\/uwielbienie\/","title":{"rendered":"Uwielbienie"},"content":{"rendered":"\t\t<div data-elementor-type=\"wp-page\" data-elementor-id=\"1924\" class=\"elementor elementor-1924\" data-elementor-post-type=\"page\">\n\t\t\t\t\t\t<section class=\"elementor-section elementor-top-section elementor-element elementor-element-91c8c79 elementor-section-boxed elementor-section-height-default elementor-section-height-default\" data-id=\"91c8c79\" data-element_type=\"section\" data-e-type=\"section\">\n\t\t\t\t\t\t<div class=\"elementor-container elementor-column-gap-default\">\n\t\t\t\t\t<div class=\"elementor-column elementor-col-50 elementor-top-column elementor-element elementor-element-8a574a4\" data-id=\"8a574a4\" data-element_type=\"column\" data-e-type=\"column\">\n\t\t\t<div class=\"elementor-widget-wrap elementor-element-populated\">\n\t\t\t\t\t\t<div class=\"elementor-element elementor-element-97a2133 elementor-widget elementor-widget-text-editor\" data-id=\"97a2133\" data-element_type=\"widget\" data-e-type=\"widget\" data-widget_type=\"text-editor.default\">\n\t\t\t\t<div class=\"elementor-widget-container\">\n\t\t\t\t\t\t\t\t\t<p style=\"padding-left: 40px;\">Kilka s\u0142\u00f3w o uwielbieniu \u2026 tak troch\u0119 \u201eod Adama i Ewy\u2026\u201d.<br \/><br \/>\u00a0 \u00a0 \u00a0 \u00a0Na tym zdj\u0119ciu Karolina jest w ko\u015bciele parafialnym w Manili na<br \/>Filipinach. Jak widzicie stroi gitar\u0119.<br \/>\u00a0 \u00a0 \u00a0 \u00a0Ile by\u0142o tych nastrojonych gitar, pi\u0119knych \u015bpiew\u00f3w, zespo\u0142\u00f3w muzycznych, perkusji\u2026 \u2013 Filipiny, Singapur, Niemcy, Irlandia, Stany Zjednoczone, Polska.<br \/>\u00a0 \u00a0 \u00a0 Zawsze towarzyszy\u0142a nam mi\u0142o\u015b\u0107 do muzyki, do tego, \u017ce muzyka mo\u017ce s\u0142u\u017cy\u0107 czemu\u015b wi\u0119cej, ni\u017c tylko ukazywaniu pi\u0119kna&#8230; Tak wiele wspomnie\u0144 z ni\u0105 zwi\u0105zanych:<\/p><ul><li>Karol, w Manili na Filipinach, gra\u0142 na perkusji wraz z 10 tysi\u0105cami modl\u0105cych si\u0119 ludzi podczas spotkania Odnowy w Duchu \u015awi\u0119tym;<\/li><li>Karolina, w Polsce, nagra\u0142a w j\u0119zyku staroangielskim, a capella w studio, pi\u0119kny hymn<em> Veni Creator Spiritus<\/em><\/li><li>Razem prowadzili\u015bmy warsztaty muzyczne w Singapurze i Niemczech \u2026 a to tylko niekt\u00f3re wydarzenia.<br \/><br \/>\u00a0 \u00a0 \u00a0 \u00a0Kiedy\u015b modlili\u015bmy si\u0119 wsp\u00f3lnie, siedz\u0105c w ma\u0142ym mieszkaniu naszych znajomych w Singapurze. Poczuli\u015bmy, \u017ce B\u00f3g m\u00f3wi do nas: \u201eta cz\u0105stka mojego serca nale\u017cy do was\u201d \u2013 od razu wiedzieli\u015bmy, \u017ce chodzi o muzyk\u0119, kt\u00f3ra mo\u017ce prowadzi\u0107 ludzi do Jezusa.<br \/><br \/>\u00a0 \u00a0 \u00a0 Prowadzili\u015bmy muzycznie poniedzia\u0142kowe modlitwy uwielbienia w Katedrze Opolskiej, a teraz robimy to w Archikatedrze Lubelskiej i parafii Matki Bo\u017cej Siewnej w Wilczopolu.<br \/><br \/><\/li><\/ul><p style=\"padding-left: 40px;\"><em>\u00a0 \u00a0 \u00a0 Bezinteresowne uwielbienie przed Naj\u015bwi\u0119tszym Sakramentem<\/em> \u2013 taka jest nazwa naszych spotka\u0144. Dlaczego? Poniewa\u017c spotykamy si\u0119 z Bogiem po to, \u017ceby Go kocha\u0107 i uwielbia\u0107, a nie za\u0142atwia\u0107 swoje interesy. A dlaczego \u201eprzed Naj\u015bwi\u0119tszym Sakramentem\u201d? Jak m\u00f3wi psalm: \u201eW \u015bwi\u0105tyni tak si\u0119 wpatruj\u0119 w Ciebie, bym ujrza\u0142 Twoj\u0105 pot\u0119g\u0119 i chwa\u0142\u0119\u201d (Ps 63, 3). Spogl\u0105damy na Tego, kt\u00f3ry dla nas wszystko odda\u0142. I w Nim jest \u017cycie.<\/p><p style=\"padding-left: 40px;\">Czy warto si\u0119 z Nim spotyka\u0107? Czy warto \u201etraci\u0107 czas\u201d?<br \/>No c\u00f3\u017c\u2026 przyjd\u017acie i zobaczcie sami <img decoding=\"async\" class=\"emoji\" role=\"img\" draggable=\"false\" src=\"https:\/\/s.w.org\/images\/core\/emoji\/14.0.0\/svg\/1f60a.svg\" alt=\"\ud83d\ude0a\" \/>.<\/p>\t\t\t\t\t\t\t\t<\/div>\n\t\t\t\t<\/div>\n\t\t\t\t\t<\/div>\n\t\t<\/div>\n\t\t\t\t<div class=\"elementor-column elementor-col-50 elementor-top-column elementor-element elementor-element-699be23\" data-id=\"699be23\" data-element_type=\"column\" data-e-type=\"column\">\n\t\t\t<div class=\"elementor-widget-wrap elementor-element-populated\">\n\t\t\t\t\t\t<div class=\"elementor-element elementor-element-8f0dcfb elementor-widget elementor-widget-image\" data-id=\"8f0dcfb\" data-element_type=\"widget\" data-e-type=\"widget\" data-widget_type=\"image.default\">\n\t\t\t\t<div class=\"elementor-widget-container\">\n\t\t\t\t\t\t\t\t\t\t\t\t\t\t\t<img fetchpriority=\"high\" decoding=\"async\" width=\"768\" height=\"1024\" src=\"https:\/\/www.reachingbeyond.eu\/wp-content\/uploads\/2022\/12\/Easter-005-768x1024.jpg\" class=\"attachment-large size-large wp-image-1929\" alt=\"\" srcset=\"https:\/\/www.reachingbeyond.eu\/wp-content\/uploads\/2022\/12\/Easter-005-768x1024.jpg 768w, https:\/\/www.reachingbeyond.eu\/wp-content\/uploads\/2022\/12\/Easter-005-225x300.jpg 225w, https:\/\/www.reachingbeyond.eu\/wp-content\/uploads\/2022\/12\/Easter-005-1152x1536.jpg 1152w, https:\/\/www.reachingbeyond.eu\/wp-content\/uploads\/2022\/12\/Easter-005-1536x2048.jpg 1536w, https:\/\/www.reachingbeyond.eu\/wp-content\/uploads\/2022\/12\/Easter-005.jpg 1704w\" sizes=\"(max-width: 768px) 100vw, 768px\" \/>\t\t\t\t\t\t\t\t\t\t\t\t\t\t\t<\/div>\n\t\t\t\t<\/div>\n\t\t\t\t\t<\/div>\n\t\t<\/div>\n\t\t\t\t\t<\/div>\n\t\t<\/section>\n\t\t\t\t<\/div>\n\t\t","protected":false},"excerpt":{"rendered":"<p>Kilka s\u0142\u00f3w o uwielbieniu \u2026 tak troch\u0119 \u201eod Adama i Ewy\u2026\u201d. \u00a0 \u00a0 \u00a0 \u00a0Na tym zdj\u0119ciu Karolina jest w ko\u015bciele parafialnym w Manili naFilipinach. Jak widzicie stroi gitar\u0119.\u00a0 \u00a0 \u00a0 \u00a0Ile by\u0142o tych nastrojonych gitar, pi\u0119knych \u015bpiew\u00f3w, zespo\u0142\u00f3w muzycznych, perkusji\u2026 \u2013 Filipiny, Singapur, Niemcy, Irlandia, Stany Zjednoczone, Polska.\u00a0 \u00a0 \u00a0 Zawsze towarzyszy\u0142a nam mi\u0142o\u015b\u0107 [&hellip;]<\/p>\n","protected":false},"author":2,"featured_media":0,"parent":0,"menu_order":0,"comment_status":"closed","ping_status":"closed","template":"","meta":{"footnotes":""},"class_list":["post-1924","page","type-page","status-publish","hentry"],"_links":{"self":[{"href":"https:\/\/www.reachingbeyond.eu\/index.php\/wp-json\/wp\/v2\/pages\/1924","targetHints":{"allow":["GET"]}}],"collection":[{"href":"https:\/\/www.reachingbeyond.eu\/index.php\/wp-json\/wp\/v2\/pages"}],"about":[{"href":"https:\/\/www.reachingbeyond.eu\/index.php\/wp-json\/wp\/v2\/types\/page"}],"author":[{"embeddable":true,"href":"https:\/\/www.reachingbeyond.eu\/index.php\/wp-json\/wp\/v2\/users\/2"}],"replies":[{"embeddable":true,"href":"https:\/\/www.reachingbeyond.eu\/index.php\/wp-json\/wp\/v2\/comments?post=1924"}],"version-history":[{"count":16,"href":"https:\/\/www.reachingbeyond.eu\/index.php\/wp-json\/wp\/v2\/pages\/1924\/revisions"}],"predecessor-version":[{"id":1941,"href":"https:\/\/www.reachingbeyond.eu\/index.php\/wp-json\/wp\/v2\/pages\/1924\/revisions\/1941"}],"wp:attachment":[{"href":"https:\/\/www.reachingbeyond.eu\/index.php\/wp-json\/wp\/v2\/media?parent=1924"}],"curies":[{"name":"wp","href":"https:\/\/api.w.org\/{rel}","templated":true}]}}