{"id":2485,"date":"2023-10-04T10:47:51","date_gmt":"2023-10-04T10:47:51","guid":{"rendered":"https:\/\/www.reachingbeyond.eu\/?page_id=2485"},"modified":"2023-10-05T16:25:02","modified_gmt":"2023-10-05T16:25:02","slug":"pomoc-ukrainie","status":"publish","type":"page","link":"https:\/\/www.reachingbeyond.eu\/index.php\/pomoc-ukrainie\/","title":{"rendered":"Pomoc Ukrainie"},"content":{"rendered":"\t\t<div data-elementor-type=\"wp-page\" data-elementor-id=\"2485\" class=\"elementor elementor-2485\" data-elementor-post-type=\"page\">\n\t\t\t\t<div class=\"elementor-element elementor-element-2a8c23c e-flex e-con-boxed e-con e-parent\" data-id=\"2a8c23c\" data-element_type=\"container\" data-e-type=\"container\">\n\t\t\t\t\t<div class=\"e-con-inner\">\n\t\t<div class=\"elementor-element elementor-element-308c745 e-con-full e-flex e-con e-child\" data-id=\"308c745\" data-element_type=\"container\" data-e-type=\"container\">\n\t\t\t\t<div class=\"elementor-element elementor-element-b441f8e elementor-widget elementor-widget-text-editor\" data-id=\"b441f8e\" data-element_type=\"widget\" data-e-type=\"widget\" data-widget_type=\"text-editor.default\">\n\t\t\t\t<div class=\"elementor-widget-container\">\n\t\t\t\t\t\t\t\t\t<p>Od marca 2022 do sierpnia 2022 roku przynosili\u015bmy pomoc osobom, kt\u00f3re ucierpia\u0142y jako skutek wojny na Ukrainie, w ramach projektu naszej Fundacji \u201ePomoc Ukrainie\u201d. Dzi\u0119ki wielkiej \u017cyczliwo\u015bci darczy\u0144c\u00f3w mogli\u015bmy przekaza\u0107 pomoc humanitarn\u0105:<\/p><ol><li>W Lublinie pomagali\u015bmy tym, kt\u00f3rzy szukali w Polsce schronienia przed wojn\u0105. Kupowali\u015bmy jedzenie i produkty codziennego u\u017cytku i przekazywali\u015bmy do jednego z centr\u00f3w pomocy uchod\u017acom. Spotykali\u015bmy tam mamy z dzie\u0107mi i kobiety, kt\u00f3re przychodzi\u0142y i wybiera\u0142y rzeczy potrzebne im i ich bliskim do codziennego funkcjonowania. Pami\u0119tamy szczeg\u00f3ln\u0105 pro\u015bb\u0119 od dyrektora o\u015brodka, aby poza jedzeniem i produktami codziennego u\u017cytku kupowa\u0107 cukierki dla dzieci. Jak nam t\u0142umaczy\u0142, chodzi\u0142o o to, \u017ceby \u2013 po\u015br\u00f3d ca\u0142ego cierpienia, kt\u00f3re przechodzi\u0142y mog\u0142y poczu\u0107 si\u0119 znowu jak dzieci.<\/li><li>Pomogli\u015bmy tak\u017ce jednemu z sieroci\u0144c\u00f3w, kt\u00f3ry zosta\u0142 przeniesiony ze wschodniej na zachodni\u0105 cz\u0119\u015b\u0107 Ukrainy. We wsp\u00f3\u0142pracy z fundacj\u0105 \u201eDajemy Pomoc\u201d i Caritasem Archidiecezji Lubelskiej mieli\u015bmy umeblowa\u0107 nowy dom dla dzieci z sieroci\u0144ca. Dzi\u0119ki darczy\u0144com nasza Fundacja zakupi\u0142a pralk\u0119 i lod\u00f3wk\u0119.<\/li><li>Zakupili\u015bmy jedzenie i podstawowe leki, kt\u00f3re zosta\u0142y wys\u0142ane Ukrai\u0144com w ich kraju. S\u0142yszeli\u015bmy, \u017ce cz\u0119\u015b\u0107 tych os\u00f3b szykowa\u0142a si\u0119, \u017ceby uda\u0107 si\u0119 na front i walczy\u0107 dla swojego kraju.<\/li><li>Jednorazowo przekazali\u015bmy jedzenie (paczki makaronu) Caritas Archidiecezji Lubelskiej, kt\u00f3re zosta\u0142y przekazane potrzebuj\u0105cym osobom z Ukrainy.<\/li><\/ol><p>Dzi\u0119kujemy bardzo wszystkim darczy\u0144com za wsparcie projektu \u201ePomoc Ukrainie\u201d.<\/p>\t\t\t\t\t\t\t\t<\/div>\n\t\t\t\t<\/div>\n\t\t\t\t<\/div>\n\t\t<div class=\"elementor-element elementor-element-c1a171b e-con-full e-flex e-con e-child\" data-id=\"c1a171b\" data-element_type=\"container\" data-e-type=\"container\">\n\t\t<div class=\"elementor-element elementor-element-94eaecc e-flex e-con-boxed e-con e-child\" data-id=\"94eaecc\" data-element_type=\"container\" data-e-type=\"container\">\n\t\t\t\t\t<div class=\"e-con-inner\">\n\t\t\t\t<div class=\"elementor-element elementor-element-9aca2dc elementor-widget elementor-widget-image\" data-id=\"9aca2dc\" data-element_type=\"widget\" data-e-type=\"widget\" data-widget_type=\"image.default\">\n\t\t\t\t<div class=\"elementor-widget-container\">\n\t\t\t\t\t\t\t\t\t\t\t\t\t\t\t<img fetchpriority=\"high\" decoding=\"async\" width=\"800\" height=\"450\" src=\"https:\/\/www.reachingbeyond.eu\/wp-content\/uploads\/2023\/10\/zdjecie-2-1024x576.jpg\" class=\"attachment-large size-large wp-image-2488\" alt=\"\" srcset=\"https:\/\/www.reachingbeyond.eu\/wp-content\/uploads\/2023\/10\/zdjecie-2-1024x576.jpg 1024w, https:\/\/www.reachingbeyond.eu\/wp-content\/uploads\/2023\/10\/zdjecie-2-300x169.jpg 300w, https:\/\/www.reachingbeyond.eu\/wp-content\/uploads\/2023\/10\/zdjecie-2-768x432.jpg 768w, https:\/\/www.reachingbeyond.eu\/wp-content\/uploads\/2023\/10\/zdjecie-2.jpg 1280w\" sizes=\"(max-width: 800px) 100vw, 800px\" \/>\t\t\t\t\t\t\t\t\t\t\t\t\t\t\t<\/div>\n\t\t\t\t<\/div>\n\t\t\t\t\t<\/div>\n\t\t\t\t<\/div>\n\t\t<div class=\"elementor-element elementor-element-b461afc e-flex e-con-boxed e-con e-child\" data-id=\"b461afc\" data-element_type=\"container\" data-e-type=\"container\">\n\t\t\t\t\t<div class=\"e-con-inner\">\n\t\t\t\t<div class=\"elementor-element elementor-element-38079de elementor-widget elementor-widget-image\" data-id=\"38079de\" data-element_type=\"widget\" data-e-type=\"widget\" data-widget_type=\"image.default\">\n\t\t\t\t<div class=\"elementor-widget-container\">\n\t\t\t\t\t\t\t\t\t\t\t\t\t\t\t<img decoding=\"async\" width=\"800\" height=\"450\" src=\"https:\/\/www.reachingbeyond.eu\/wp-content\/uploads\/2023\/10\/zdjecie-1-1024x576.jpg\" class=\"attachment-large size-large wp-image-2487\" alt=\"\" srcset=\"https:\/\/www.reachingbeyond.eu\/wp-content\/uploads\/2023\/10\/zdjecie-1-1024x576.jpg 1024w, https:\/\/www.reachingbeyond.eu\/wp-content\/uploads\/2023\/10\/zdjecie-1-300x169.jpg 300w, https:\/\/www.reachingbeyond.eu\/wp-content\/uploads\/2023\/10\/zdjecie-1-768x432.jpg 768w, https:\/\/www.reachingbeyond.eu\/wp-content\/uploads\/2023\/10\/zdjecie-1.jpg 1280w\" sizes=\"(max-width: 800px) 100vw, 800px\" \/>\t\t\t\t\t\t\t\t\t\t\t\t\t\t\t<\/div>\n\t\t\t\t<\/div>\n\t\t\t\t\t<\/div>\n\t\t\t\t<\/div>\n\t\t\t\t<\/div>\n\t\t\t\t\t<\/div>\n\t\t\t\t<\/div>\n\t\t<div class=\"elementor-element elementor-element-77d02c8 e-flex e-con-boxed e-con e-parent\" data-id=\"77d02c8\" data-element_type=\"container\" data-e-type=\"container\">\n\t\t\t\t\t<div class=\"e-con-inner\">\n\t\t\t\t<div class=\"elementor-element elementor-element-f39385c e-tabs-view-vertical elementor-layout-end elementor-widget elementor-widget-video-playlist\" data-id=\"f39385c\" data-element_type=\"widget\" data-e-type=\"widget\" data-settings=\"{&quot;playlist_title&quot;:&quot;Playlist&quot;,&quot;tabs&quot;:[{&quot;title&quot;:&quot;Pomoc uchod\\u017acom (cz\\u0119\\u015b\\u0107 1): Obowi\\u0105zki i utrata komfortu&quot;,&quot;youtube_url&quot;:&quot;https:\\\/\\\/www.youtube.com\\\/watch?v=JsUIR2-9QGY&quot;,&quot;duration&quot;:&quot;5:30&quot;,&quot;thumbnail&quot;:{&quot;url&quot;:&quot;https:\\\/\\\/www.reachingbeyond.eu\\\/wp-content\\\/uploads\\\/2021\\\/04\\\/0.2.jpg&quot;,&quot;id&quot;:1442,&quot;size&quot;:&quot;&quot;,&quot;alt&quot;:&quot;&quot;,&quot;source&quot;:&quot;library&quot;},&quot;_id&quot;:&quot;71027de&quot;,&quot;vimeo_url&quot;:null,&quot;type&quot;:&quot;youtube&quot;,&quot;is_external_url&quot;:null,&quot;hosted_url&quot;:null,&quot;external_url&quot;:null,&quot;section_html_tag&quot;:null,&quot;video_html_tag&quot;:&quot;h4&quot;,&quot;inner_tab_is_content_visible&quot;:&quot;&quot;,&quot;inner_tab_content_1&quot;:null,&quot;inner_tab_content_2&quot;:null},{&quot;title&quot;:&quot;Pomoc uchod\\u017acom - cz\\u0119\\u015b\\u0107 druga odpowiedzi w drodze. Poczucie winy - z\\u0142y doradca.&quot;,&quot;youtube_url&quot;:&quot;https:\\\/\\\/www.youtube.com\\\/watch?v=C-RE-AMajnk&quot;,&quot;duration&quot;:&quot;1:51&quot;,&quot;thumbnail&quot;:{&quot;url&quot;:&quot;https:\\\/\\\/www.reachingbeyond.eu\\\/wp-content\\\/uploads\\\/2021\\\/04\\\/0.2.jpg&quot;,&quot;id&quot;:1442,&quot;size&quot;:&quot;&quot;,&quot;alt&quot;:&quot;&quot;,&quot;source&quot;:&quot;library&quot;},&quot;_id&quot;:&quot;1058a92&quot;,&quot;vimeo_url&quot;:null,&quot;type&quot;:&quot;youtube&quot;,&quot;is_external_url&quot;:null,&quot;hosted_url&quot;:null,&quot;external_url&quot;:null,&quot;section_html_tag&quot;:null,&quot;video_html_tag&quot;:&quot;h4&quot;,&quot;inner_tab_is_content_visible&quot;:&quot;&quot;,&quot;inner_tab_content_1&quot;:null,&quot;inner_tab_content_2&quot;:null},{&quot;title&quot;:&quot;Pomoc uchod\\u017acom - katechizm w punkt (cz\\u0119\\u015b\\u0107 trzecia)&quot;,&quot;youtube_url&quot;:&quot;https:\\\/\\\/www.youtube.com\\\/watch?v=7L_GQFRIQ-0&quot;,&quot;duration&quot;:&quot;7:59&quot;,&quot;thumbnail&quot;:{&quot;url&quot;:&quot;https:\\\/\\\/www.reachingbeyond.eu\\\/wp-content\\\/uploads\\\/2021\\\/04\\\/0.2.jpg&quot;,&quot;id&quot;:1442,&quot;size&quot;:&quot;&quot;,&quot;alt&quot;:&quot;&quot;,&quot;source&quot;:&quot;library&quot;},&quot;_id&quot;:&quot;7e06ae3&quot;,&quot;vimeo_url&quot;:null,&quot;type&quot;:&quot;youtube&quot;,&quot;is_external_url&quot;:null,&quot;hosted_url&quot;:null,&quot;external_url&quot;:null,&quot;section_html_tag&quot;:null,&quot;video_html_tag&quot;:&quot;h4&quot;,&quot;inner_tab_is_content_visible&quot;:&quot;&quot;,&quot;inner_tab_content_1&quot;:null,&quot;inner_tab_content_2&quot;:null}],&quot;inner_tab_title_1&quot;:&quot;Tab #1&quot;,&quot;inner_tab_title_2&quot;:&quot;Tab #2&quot;}\" data-widget_type=\"video-playlist.default\">\n\t\t\t\t<div class=\"elementor-widget-container\">\n\t\t\t\t\t\n\t\t<div class=\"e-tabs\" role=\"region\" aria-labelledby=\"e-playlist-f39385c\">\n\t\t\t<div class=\"e-tabs-main-area\">\n\t\t\t\t<div class=\"e-tabs-wrapper\">\n\t\t\t\t\t<div class=\"e-tabs-header\">\n\t\t\t\t\t\t<h2 class=\"e-tabs-title\" id=\"e-playlist-f39385c\">Playlist<\/h2>\n\t\t\t\t\t\t<div class=\"e-tabs-header-right-side\">\n\t\t\t\t\t\t\t\t\t\t\t\t\t\t\t<span class=\"e-tabs-videos-count\">3 Videos<\/span>\n\t\t\t\t\t\t\t\t\t\t\t\t\t\t<svg aria-hidden=\"true\" class=\"e-tabs-toggle-videos-display-button rotate-down e-font-icon-svg e-eicon-caret-down\" viewBox=\"0 0 571.4 571.4\" xmlns=\"http:\/\/www.w3.org\/2000\/svg\"><path d=\"M571 393Q571 407 561 418L311 668Q300 679 286 679T261 668L11 418Q0 407 0 393T11 368 36 357H536Q550 357 561 368T571 393Z\"><\/path><\/svg>\t\t\t\t\t\t<\/div>\n\t\t\t\t\t<\/div>\n\t\t\t\t\t<div class=\"e-tabs-items-wrapper\">\n\t\t\t\t\t\t<div class=\"e-tabs-items\" role=\"tablist\">\n\t\t\t\t\t\t\t\t\t\t\t\t\t\t\t\t\t\t\t\t\t\t\t\t<div id=\"e-tab-title-2551\" class=\"e-tab-title e-tab-desktop-title\" aria-selected=\"true\" data-tab=\"1\" role=\"tab\" tabindex=\"0\" aria-controls=\"e-tab-content-2551\">\n\t\t\t\t\t\t\t\t\t\t\t\t\t\t\t\t\t\t\t\t\t<div class=\"e-tab-thumbnail\">\n\t\t\t\t\t\t\t\t\t\t\t\t\t\t\t\t\t\t\t\t\t\t\t\t\t<img decoding=\"async\" src=\"https:\/\/www.reachingbeyond.eu\/wp-content\/uploads\/2021\/04\/0.2.jpg\" alt=\"Pomoc uchod\u017acom (cz\u0119\u015b\u0107 1): Obowi\u0105zki i utrata komfortu\" loading=\"lazy\" \/>\n\t\t\t\t\t\t\t\t\t\t\t\t\t\t\t\t\t\t\t\t\t\t\t\t<span class=\"icon-play\"><svg aria-hidden=\"true\" class=\"e-font-icon-svg e-fas-play-circle\" viewBox=\"0 0 512 512\" xmlns=\"http:\/\/www.w3.org\/2000\/svg\"><path d=\"M256 8C119 8 8 119 8 256s111 248 248 248 248-111 248-248S393 8 256 8zm115.7 272l-176 101c-15.8 8.8-35.7-2.5-35.7-21V152c0-18.4 19.8-29.8 35.7-21l176 107c16.4 9.2 16.4 32.9 0 42z\"><\/path><\/svg><\/span>\n\t\t\t\t\t\t\t\t\t\t\t\t<span class=\"icon-watched\"><svg aria-hidden=\"true\" class=\"e-font-icon-svg e-fas-check-circle\" viewBox=\"0 0 512 512\" xmlns=\"http:\/\/www.w3.org\/2000\/svg\"><path d=\"M504 256c0 136.967-111.033 248-248 248S8 392.967 8 256 119.033 8 256 8s248 111.033 248 248zM227.314 387.314l184-184c6.248-6.248 6.248-16.379 0-22.627l-22.627-22.627c-6.248-6.249-16.379-6.249-22.628 0L216 308.118l-70.059-70.059c-6.248-6.248-16.379-6.248-22.628 0l-22.627 22.627c-6.248 6.248-6.248 16.379 0 22.627l104 104c6.249 6.249 16.379 6.249 22.628.001z\"><\/path><\/svg><\/span>\n\t\t\t\t\t\t\t\t\t\t\t<\/div>\n\t\t\t\t\t\t\t\t\t\t\t\t\t\t\t\t\t\t\t\t<h4 class=\"e-tab-title-text\">\n\t\t\t\t\t\t\t\t\t\t\t<button type=\"button\">Pomoc uchod\u017acom (cz\u0119\u015b\u0107 1): Obowi\u0105zki i utrata komfortu<\/button>\n\t\t\t\t\t\t\t\t\t\t<\/h4>\n\t\t\t\t\t\t\t\t\t\t\t\t\t\t\t\t\t\t\t\t\t<span class=\"e-tab-duration\">5:30<\/span>\n\t\t\t\t\t\t\t\t\t\t\t\t\t\t\t\t\t\t\t<\/div>\n\t\t\t\t\t\t\t\t\t\t\t\t\t\t\t\t\t\t\t\t\t\t\t\t\t\t\t\t\t\t\t\t<div id=\"e-tab-title-2552\" class=\"e-tab-title e-tab-desktop-title\" aria-selected=\"false\" data-tab=\"2\" role=\"tab\" tabindex=\"-1\" aria-controls=\"e-tab-content-2552\">\n\t\t\t\t\t\t\t\t\t\t\t\t\t\t\t\t\t\t\t\t\t<div class=\"e-tab-thumbnail\">\n\t\t\t\t\t\t\t\t\t\t\t\t\t\t\t\t\t\t\t\t\t\t\t\t\t<img decoding=\"async\" src=\"https:\/\/www.reachingbeyond.eu\/wp-content\/uploads\/2021\/04\/0.2.jpg\" alt=\"Pomoc uchod\u017acom - cz\u0119\u015b\u0107 druga odpowiedzi w drodze. Poczucie winy - z\u0142y doradca.\" loading=\"lazy\" \/>\n\t\t\t\t\t\t\t\t\t\t\t\t\t\t\t\t\t\t\t\t\t\t\t\t<span class=\"icon-play\"><svg aria-hidden=\"true\" class=\"e-font-icon-svg e-fas-play-circle\" viewBox=\"0 0 512 512\" xmlns=\"http:\/\/www.w3.org\/2000\/svg\"><path d=\"M256 8C119 8 8 119 8 256s111 248 248 248 248-111 248-248S393 8 256 8zm115.7 272l-176 101c-15.8 8.8-35.7-2.5-35.7-21V152c0-18.4 19.8-29.8 35.7-21l176 107c16.4 9.2 16.4 32.9 0 42z\"><\/path><\/svg><\/span>\n\t\t\t\t\t\t\t\t\t\t\t\t<span class=\"icon-watched\"><svg aria-hidden=\"true\" class=\"e-font-icon-svg e-fas-check-circle\" viewBox=\"0 0 512 512\" xmlns=\"http:\/\/www.w3.org\/2000\/svg\"><path d=\"M504 256c0 136.967-111.033 248-248 248S8 392.967 8 256 119.033 8 256 8s248 111.033 248 248zM227.314 387.314l184-184c6.248-6.248 6.248-16.379 0-22.627l-22.627-22.627c-6.248-6.249-16.379-6.249-22.628 0L216 308.118l-70.059-70.059c-6.248-6.248-16.379-6.248-22.628 0l-22.627 22.627c-6.248 6.248-6.248 16.379 0 22.627l104 104c6.249 6.249 16.379 6.249 22.628.001z\"><\/path><\/svg><\/span>\n\t\t\t\t\t\t\t\t\t\t\t<\/div>\n\t\t\t\t\t\t\t\t\t\t\t\t\t\t\t\t\t\t\t\t<h4 class=\"e-tab-title-text\">\n\t\t\t\t\t\t\t\t\t\t\t<button type=\"button\">Pomoc uchod\u017acom - cz\u0119\u015b\u0107 druga odpowiedzi w drodze. Poczucie winy - z\u0142y doradca.<\/button>\n\t\t\t\t\t\t\t\t\t\t<\/h4>\n\t\t\t\t\t\t\t\t\t\t\t\t\t\t\t\t\t\t\t\t\t<span class=\"e-tab-duration\">1:51<\/span>\n\t\t\t\t\t\t\t\t\t\t\t\t\t\t\t\t\t\t\t<\/div>\n\t\t\t\t\t\t\t\t\t\t\t\t\t\t\t\t\t\t\t\t\t\t\t\t\t\t\t\t\t\t\t\t<div id=\"e-tab-title-2553\" class=\"e-tab-title e-tab-desktop-title\" aria-selected=\"false\" data-tab=\"3\" role=\"tab\" tabindex=\"-1\" aria-controls=\"e-tab-content-2553\">\n\t\t\t\t\t\t\t\t\t\t\t\t\t\t\t\t\t\t\t\t\t<div class=\"e-tab-thumbnail\">\n\t\t\t\t\t\t\t\t\t\t\t\t\t\t\t\t\t\t\t\t\t\t\t\t\t<img decoding=\"async\" src=\"https:\/\/www.reachingbeyond.eu\/wp-content\/uploads\/2021\/04\/0.2.jpg\" alt=\"Pomoc uchod\u017acom - katechizm w punkt (cz\u0119\u015b\u0107 trzecia)\" loading=\"lazy\" \/>\n\t\t\t\t\t\t\t\t\t\t\t\t\t\t\t\t\t\t\t\t\t\t\t\t<span class=\"icon-play\"><svg aria-hidden=\"true\" class=\"e-font-icon-svg e-fas-play-circle\" viewBox=\"0 0 512 512\" xmlns=\"http:\/\/www.w3.org\/2000\/svg\"><path d=\"M256 8C119 8 8 119 8 256s111 248 248 248 248-111 248-248S393 8 256 8zm115.7 272l-176 101c-15.8 8.8-35.7-2.5-35.7-21V152c0-18.4 19.8-29.8 35.7-21l176 107c16.4 9.2 16.4 32.9 0 42z\"><\/path><\/svg><\/span>\n\t\t\t\t\t\t\t\t\t\t\t\t<span class=\"icon-watched\"><svg aria-hidden=\"true\" class=\"e-font-icon-svg e-fas-check-circle\" viewBox=\"0 0 512 512\" xmlns=\"http:\/\/www.w3.org\/2000\/svg\"><path d=\"M504 256c0 136.967-111.033 248-248 248S8 392.967 8 256 119.033 8 256 8s248 111.033 248 248zM227.314 387.314l184-184c6.248-6.248 6.248-16.379 0-22.627l-22.627-22.627c-6.248-6.249-16.379-6.249-22.628 0L216 308.118l-70.059-70.059c-6.248-6.248-16.379-6.248-22.628 0l-22.627 22.627c-6.248 6.248-6.248 16.379 0 22.627l104 104c6.249 6.249 16.379 6.249 22.628.001z\"><\/path><\/svg><\/span>\n\t\t\t\t\t\t\t\t\t\t\t<\/div>\n\t\t\t\t\t\t\t\t\t\t\t\t\t\t\t\t\t\t\t\t<h4 class=\"e-tab-title-text\">\n\t\t\t\t\t\t\t\t\t\t\t<button type=\"button\">Pomoc uchod\u017acom - katechizm w punkt (cz\u0119\u015b\u0107 trzecia)<\/button>\n\t\t\t\t\t\t\t\t\t\t<\/h4>\n\t\t\t\t\t\t\t\t\t\t\t\t\t\t\t\t\t\t\t\t\t<span class=\"e-tab-duration\">7:59<\/span>\n\t\t\t\t\t\t\t\t\t\t\t\t\t\t\t\t\t\t\t<\/div>\n\t\t\t\t\t\t\t\t\t\t\t\t\t\t\t\t\t\t\t\t\t<\/div>\n\t\t\t\t\t\t<div class=\"shadow shadow-top\" aria-hidden=\"true\"><\/div>\n\t\t\t\t\t\t<div class=\"shadow shadow-bottom\" aria-hidden=\"true\"><\/div>\n\t\t\t\t\t<\/div>\n\t\t\t\t<\/div>\n\n\t\t\t\t<div class=\"e-tabs-content-wrapper\" role=\"tablist\" aria-orientation=\"vertical\">\n\t\t\t\t\t\t\t\t\t\t\t<div id=\"e-tab-content-2551\" class=\"e-tab-content elementor-clearfix\" data-tab=\"1\" role=\"tabpanel\" aria-labelledby=\"e-tab-title-2551\" tabindex=\"0\" data-video-url=\"https:\/\/www.youtube.com\/watch?v=JsUIR2-9QGY\" data-video-type=\"youtube\" data-video-title=\"Pomoc uchod\u017acom (cz\u0119\u015b\u0107 1): Obowi\u0105zki i utrata komfortu\" data-video-duration=\"5:30\">\n\t\t\t\t\t\t\t<div><\/div>\n\t\t\t\t\t\t\t\t\t\t\t\t\t<\/div>\n\t\t\t\t\t\t\t\t\t\t\t<div id=\"e-tab-content-2552\" class=\"e-tab-content elementor-clearfix\" data-tab=\"2\" role=\"tabpanel\" aria-labelledby=\"e-tab-title-2552\" tabindex=\"0\" data-video-url=\"https:\/\/www.youtube.com\/watch?v=C-RE-AMajnk\" data-video-type=\"youtube\" data-video-title=\"Pomoc uchod\u017acom - cz\u0119\u015b\u0107 druga odpowiedzi w drodze. Poczucie winy - z\u0142y doradca.\" data-video-duration=\"1:51\" hidden=\"hidden\">\n\t\t\t\t\t\t\t<div><\/div>\n\t\t\t\t\t\t\t\t\t\t\t\t\t<\/div>\n\t\t\t\t\t\t\t\t\t\t\t<div id=\"e-tab-content-2553\" class=\"e-tab-content elementor-clearfix\" data-tab=\"3\" role=\"tabpanel\" aria-labelledby=\"e-tab-title-2553\" tabindex=\"0\" data-video-url=\"https:\/\/www.youtube.com\/watch?v=7L_GQFRIQ-0\" data-video-type=\"youtube\" data-video-title=\"Pomoc uchod\u017acom - katechizm w punkt (cz\u0119\u015b\u0107 trzecia)\" data-video-duration=\"7:59\" hidden=\"hidden\">\n\t\t\t\t\t\t\t<div><\/div>\n\t\t\t\t\t\t\t\t\t\t\t\t\t<\/div>\n\t\t\t\t\t\t\t\t\t<\/div>\n\t\t\t<\/div>\n\n\t\t\t<div class=\"e-tabs-inner-tabs\" >\n\t\t\t\t\t\t\t\t\t\t\t\t\t\t\t\t\t\t\t\t\t\t\t\t\t\t\t\t\t\t\t\t\t\t<\/div>\n\t\t<\/div>\n\t\t\t\t\t\t<\/div>\n\t\t\t\t<\/div>\n\t\t\t\t\t<\/div>\n\t\t\t\t<\/div>\n\t\t\t\t<\/div>\n\t\t","protected":false},"excerpt":{"rendered":"<p>Od marca 2022 do sierpnia 2022 roku przynosili\u015bmy pomoc osobom, kt\u00f3re ucierpia\u0142y jako skutek wojny na Ukrainie, w ramach projektu naszej Fundacji \u201ePomoc Ukrainie\u201d. Dzi\u0119ki wielkiej \u017cyczliwo\u015bci darczy\u0144c\u00f3w mogli\u015bmy przekaza\u0107 pomoc humanitarn\u0105: W Lublinie pomagali\u015bmy tym, kt\u00f3rzy szukali w Polsce schronienia przed wojn\u0105. Kupowali\u015bmy jedzenie i produkty codziennego u\u017cytku i przekazywali\u015bmy do jednego z centr\u00f3w [&hellip;]<\/p>\n","protected":false},"author":3,"featured_media":0,"parent":0,"menu_order":0,"comment_status":"closed","ping_status":"closed","template":"","meta":{"footnotes":""},"class_list":["post-2485","page","type-page","status-publish","hentry"],"_links":{"self":[{"href":"https:\/\/www.reachingbeyond.eu\/index.php\/wp-json\/wp\/v2\/pages\/2485","targetHints":{"allow":["GET"]}}],"collection":[{"href":"https:\/\/www.reachingbeyond.eu\/index.php\/wp-json\/wp\/v2\/pages"}],"about":[{"href":"https:\/\/www.reachingbeyond.eu\/index.php\/wp-json\/wp\/v2\/types\/page"}],"author":[{"embeddable":true,"href":"https:\/\/www.reachingbeyond.eu\/index.php\/wp-json\/wp\/v2\/users\/3"}],"replies":[{"embeddable":true,"href":"https:\/\/www.reachingbeyond.eu\/index.php\/wp-json\/wp\/v2\/comments?post=2485"}],"version-history":[{"count":19,"href":"https:\/\/www.reachingbeyond.eu\/index.php\/wp-json\/wp\/v2\/pages\/2485\/revisions"}],"predecessor-version":[{"id":2510,"href":"https:\/\/www.reachingbeyond.eu\/index.php\/wp-json\/wp\/v2\/pages\/2485\/revisions\/2510"}],"wp:attachment":[{"href":"https:\/\/www.reachingbeyond.eu\/index.php\/wp-json\/wp\/v2\/media?parent=2485"}],"curies":[{"name":"wp","href":"https:\/\/api.w.org\/{rel}","templated":true}]}}