{"id":296,"date":"2021-02-17T21:09:56","date_gmt":"2021-02-17T21:09:56","guid":{"rendered":"https:\/\/www.reachingbeyond.eu\/?page_id=296"},"modified":"2023-09-29T15:43:48","modified_gmt":"2023-09-29T15:43:48","slug":"wydarzenia","status":"publish","type":"page","link":"https:\/\/www.reachingbeyond.eu\/index.php\/wydarzenia\/","title":{"rendered":"Bezinteresowne uwielbienie"},"content":{"rendered":"\t\t<div data-elementor-type=\"wp-page\" data-elementor-id=\"296\" class=\"elementor elementor-296\" data-elementor-post-type=\"page\">\n\t\t\t\t\t\t<section class=\"elementor-section elementor-top-section elementor-element elementor-element-210eddd elementor-section-boxed elementor-section-height-default elementor-section-height-default\" data-id=\"210eddd\" data-element_type=\"section\" data-e-type=\"section\">\n\t\t\t\t\t\t<div class=\"elementor-container elementor-column-gap-default\">\n\t\t\t\t\t<div class=\"elementor-column elementor-col-50 elementor-top-column elementor-element elementor-element-ebbf803\" data-id=\"ebbf803\" data-element_type=\"column\" data-e-type=\"column\">\n\t\t\t<div class=\"elementor-widget-wrap elementor-element-populated\">\n\t\t\t\t\t\t<div class=\"elementor-element elementor-element-30dda34 elementor-widget elementor-widget-text-editor\" data-id=\"30dda34\" data-element_type=\"widget\" data-e-type=\"widget\" data-widget_type=\"text-editor.default\">\n\t\t\t\t<div class=\"elementor-widget-container\">\n\t\t\t\t\t\t\t\t\t<p style=\"text-align: center;\"><strong><span style=\"color: #000000;\">Bezinteresowne uwielbienie przed Naj\u015bwi\u0119tszym Sakramentem<\/span><\/strong><\/p>\n<p style=\"padding-left: 40px;\"><span style=\"color: #000000;\">W drugi poniedzia\u0142ek ka\u017cdego miesi\u0105ca od godziny 19:40 do godziny 21:00,&nbsp; &nbsp; <\/span><span style=\"color: #000000;\">w Archikatedrze Lubelskiej, odbywa si\u0119 bezwarunkowe uwielbienie. <\/span><\/p>\n<p style=\"padding-left: 40px;\"><span style=\"color: #000000;\">W inne poniedzia\u0142ki miesi\u0105ca uwielbienie odbywa si\u0119 <\/span><span style=\"color: #000000; font-family: var( --e-global-typography-text-font-family ), Sans-serif; font-size: 1rem; font-weight: var( --e-global-typography-text-font-weight );\">w parafii NMP Matki Bo\u017cej Siewnej w Wilczopolu (k.Lulblina).&nbsp;<\/span><\/p>\n<p style=\"padding-left: 40px;\"><span style=\"color: #000000; font-family: var( --e-global-typography-text-font-family ), Sans-serif; font-size: 1rem; font-weight: var( --e-global-typography-text-font-weight );\">Zapraszamy.<\/span><\/p>\n<p style=\"padding-left: 40px;\"><span style=\"color: #000000; font-family: var( --e-global-typography-text-font-family ), Sans-serif; font-weight: var( --e-global-typography-text-font-weight ); font-size: 1rem;\">Prowadzimy to wydarzenie muzycznie i modlitewne.<\/span><\/p>\n<h6><span style=\"color: #000000;\">&nbsp; <\/span><span style=\"color: #000000;\">&nbsp; &nbsp;<\/span><\/h6>\n<h6><span style=\"color: #000000;\">&nbsp;<\/span><\/h6>\t\t\t\t\t\t\t\t<\/div>\n\t\t\t\t<\/div>\n\t\t\t\t\t<\/div>\n\t\t<\/div>\n\t\t\t\t<div class=\"elementor-column elementor-col-50 elementor-top-column elementor-element elementor-element-0984057\" data-id=\"0984057\" data-element_type=\"column\" data-e-type=\"column\">\n\t\t\t<div class=\"elementor-widget-wrap elementor-element-populated\">\n\t\t\t\t\t\t<div class=\"elementor-element elementor-element-9c526df elementor-widget elementor-widget-video\" data-id=\"9c526df\" data-element_type=\"widget\" data-e-type=\"widget\" data-settings=\"{&quot;youtube_url&quot;:&quot;https:\\\/\\\/youtu.be\\\/DMcqwuPmZHM?list=PLv3bImeb7tfUtCaiZUA-YV-8JeGRZz-lr&quot;,&quot;video_type&quot;:&quot;youtube&quot;,&quot;controls&quot;:&quot;yes&quot;}\" data-widget_type=\"video.default\">\n\t\t\t\t<div class=\"elementor-widget-container\">\n\t\t\t\t\t\t\t<div class=\"elementor-wrapper elementor-open-inline\">\n\t\t\t<div class=\"elementor-video\"><\/div>\t\t<\/div>\n\t\t\t\t\t\t<\/div>\n\t\t\t\t<\/div>\n\t\t\t\t\t<\/div>\n\t\t<\/div>\n\t\t\t\t\t<\/div>\n\t\t<\/section>\n\t\t\t\t<section class=\"elementor-section elementor-top-section elementor-element elementor-element-e0ce0ba elementor-section-boxed elementor-section-height-default elementor-section-height-default\" data-id=\"e0ce0ba\" data-element_type=\"section\" data-e-type=\"section\">\n\t\t\t\t\t\t<div class=\"elementor-container elementor-column-gap-default\">\n\t\t\t\t\t<div class=\"elementor-column elementor-col-100 elementor-top-column elementor-element elementor-element-3a32179\" data-id=\"3a32179\" data-element_type=\"column\" data-e-type=\"column\">\n\t\t\t<div class=\"elementor-widget-wrap\">\n\t\t\t\t\t\t\t<\/div>\n\t\t<\/div>\n\t\t\t\t\t<\/div>\n\t\t<\/section>\n\t\t\t\t<\/div>\n\t\t","protected":false},"excerpt":{"rendered":"<p>Bezinteresowne uwielbienie przed Naj\u015bwi\u0119tszym Sakramentem W drugi poniedzia\u0142ek ka\u017cdego miesi\u0105ca od godziny 19:40 do godziny 21:00,&nbsp; &nbsp; w Archikatedrze Lubelskiej, odbywa si\u0119 bezwarunkowe uwielbienie. W inne poniedzia\u0142ki miesi\u0105ca uwielbienie odbywa si\u0119 w parafii NMP Matki Bo\u017cej Siewnej w Wilczopolu (k.Lulblina).&nbsp; Zapraszamy. Prowadzimy to wydarzenie muzycznie i modlitewne. &nbsp; &nbsp; &nbsp; &nbsp; https:\/\/youtu.be\/DMcqwuPmZHM?list=PLv3bImeb7tfUtCaiZUA-YV-8JeGRZz-lr<\/p>\n","protected":false},"author":3,"featured_media":0,"parent":0,"menu_order":0,"comment_status":"closed","ping_status":"closed","template":"","meta":{"footnotes":""},"class_list":["post-296","page","type-page","status-publish","hentry"],"_links":{"self":[{"href":"https:\/\/www.reachingbeyond.eu\/index.php\/wp-json\/wp\/v2\/pages\/296","targetHints":{"allow":["GET"]}}],"collection":[{"href":"https:\/\/www.reachingbeyond.eu\/index.php\/wp-json\/wp\/v2\/pages"}],"about":[{"href":"https:\/\/www.reachingbeyond.eu\/index.php\/wp-json\/wp\/v2\/types\/page"}],"author":[{"embeddable":true,"href":"https:\/\/www.reachingbeyond.eu\/index.php\/wp-json\/wp\/v2\/users\/3"}],"replies":[{"embeddable":true,"href":"https:\/\/www.reachingbeyond.eu\/index.php\/wp-json\/wp\/v2\/comments?post=296"}],"version-history":[{"count":236,"href":"https:\/\/www.reachingbeyond.eu\/index.php\/wp-json\/wp\/v2\/pages\/296\/revisions"}],"predecessor-version":[{"id":2358,"href":"https:\/\/www.reachingbeyond.eu\/index.php\/wp-json\/wp\/v2\/pages\/296\/revisions\/2358"}],"wp:attachment":[{"href":"https:\/\/www.reachingbeyond.eu\/index.php\/wp-json\/wp\/v2\/media?parent=296"}],"curies":[{"name":"wp","href":"https:\/\/api.w.org\/{rel}","templated":true}]}}