{"id":53,"date":"2021-01-09T18:22:26","date_gmt":"2021-01-09T18:22:26","guid":{"rendered":"https:\/\/www.reachingbeyond.eu\/?page_id=53"},"modified":"2026-01-08T16:17:19","modified_gmt":"2026-01-08T16:17:19","slug":"main","status":"publish","type":"page","link":"https:\/\/www.reachingbeyond.eu\/index.php\/main\/","title":{"rendered":"Main"},"content":{"rendered":"\t\t<div data-elementor-type=\"wp-page\" data-elementor-id=\"53\" class=\"elementor elementor-53\" data-elementor-post-type=\"page\">\n\t\t\t\t<div class=\"elementor-element elementor-element-4d31e75 e-con-full e-flex e-con e-parent\" data-id=\"4d31e75\" data-element_type=\"container\" data-e-type=\"container\">\n\t\t\t\t<div class=\"elementor-element elementor-element-38f115b elementor-widget elementor-widget-text-editor\" data-id=\"38f115b\" data-element_type=\"widget\" data-e-type=\"widget\" data-widget_type=\"text-editor.default\">\n\t\t\t\t<div class=\"elementor-widget-container\">\n\t\t\t\t\t\t\t\t\t<div class=\"x11i5rnm xat24cr x1mh8g0r x1vvkbs xtlvy1s x126k92a\">\n<div dir=\"auto\">Mentoring by\u0142 dla mnie przygod\u0105, w czasie kt\u00f3rej mia\u0142am okazj\u0119 do lepszego poznania moich potrzeb, marze\u0144 i warto\u015bci. <br>Spotkania z p. Karolem Fromontem zawsze by\u0142y przeprowadzone z uwa\u017cno\u015bci\u0105 i dociekliwo\u015bci\u0105. <br>Dzi\u0119ki nim poczu\u0142am, \u017ce jestem Talentem wartym odkrycia oraz pozna\u0142am narz\u0119dzia, kt\u00f3re pomagaj\u0105 mi na co dzie\u0144 w lepszym rozumieniu siebie&nbsp;<span style=\"color: var( --e-global-color-text ); font-family: var( --e-global-typography-text-font-family ), Sans-serif; font-weight: var( --e-global-typography-text-font-weight ); text-align: var(--text-align); font-size: 1rem;\">i innych.<\/span><\/div>\n<div dir=\"auto\">Z serca polecam!<\/div>\n<\/div>\n<div class=\"x11i5rnm xat24cr x1mh8g0r x1vvkbs xtlvy1s x126k92a\">\n<div dir=\"auto\"><b>uczestniczka programu mentoringowego WINGS<\/b><\/div>\n<div dir=\"auto\"><b>&nbsp;<\/b><\/div>\n<\/div>\n<div dir=\"auto\">Mentoring pom\u00f3g\u0142 mi przej\u015b\u0107 trudny okres w pracy. Czu\u0142em \u017ce mam osob\u0119 kt\u00f3ra mi w tym towarzyszy i kt\u00f3ra pomaga mi spojrze\u0107 bardziej obiektywnie na to co si\u0119 dzieje, co my\u015bl\u0119 i co prze\u017cywam. <br>Zbudowa\u0142em siatk\u0119 wsparcia by poradzi\u0107 sobie z aktualnymi problemami ale dzi\u0119ki temu przygotowa\u0142em si\u0119 tak\u017ce na trudno\u015bci w przysz\u0142o\u015bci.<br>Karol dziel\u0105c si\u0119 swoj\u0105 wiedz\u0105 i do\u015bwiadczeniem na temat warto\u015bci i granic pom\u00f3g\u0142 mi tak\u017ce lepiej zrozumie\u0107 to kim jestem, co jest dla mnie wa\u017cne, na co mog\u0119 pozwoli\u0107 sobie ale tak\u017ce na co mog\u0119 pozwoli\u0107 innym bym m\u00f3g\u0142 czu\u0107 si\u0119 pewnie, dobrze i pozostawa\u0107 autentyczny.<\/div>\n<div dir=\"auto\">\n<div class=\"x11i5rnm xat24cr x1mh8g0r x1vvkbs xtlvy1s x126k92a\">\n<div dir=\"auto\"><b>uczestnik programu mentoringowego WINGS<\/b><\/div>\n<div dir=\"auto\"><b>&nbsp;<\/b><\/div>\n<div dir=\"auto\"><span style=\"color: var( --e-global-color-text ); font-family: var( --e-global-typography-text-font-family ), Sans-serif; font-size: 1rem; font-weight: var( --e-global-typography-text-font-weight ); text-align: var(--text-align);\">Jaki\u015b czas temu zacz\u0119\u0142am ogl\u0105da\u0107 filmiki Karoliny: \u201eTrudni ludzie, trudne sytuacje \u2013 a my i tak idziemy do przodu\u201d i nie ukrywam, \u017ce dzi\u0119ki nim (oczywi\u015bcie nie od razu) dojrza\u0142am do tego, aby poprawi\u0107 jako\u015b\u0107 swojego \u017cycia &#8211; musz\u0119 zacz\u0105\u0107 dzia\u0142a\u0107. I to JA musz\u0119 zacz\u0105\u0107 dzia\u0142a\u0107, bo nikt inny tego za mnie nie zrobi.<\/span><\/div>\n<\/div>\n<\/div>\n<p>To jej m\u0105dre wypowiedzi i wskaz\u00f3wki zmotywowa\u0142y mnie, aby co\u015b zmieni\u0107 w moim \u017cyciu, a szczeg\u00f3lnie w relacjach w pracy. Lubi\u0119 swoj\u0105 prac\u0119, lubi\u0119 ludzi <br>z kt\u00f3rymi pracuj\u0119, jednak toksyczne relacje z szefostwem gasi\u0142y m\u00f3j entuzjazm i podcina\u0142y mi skrzyd\u0142a.<\/p>\n<p>Dzi\u0119ki Karolinie poczu\u0142am, \u017ce jestem silna, warto\u015bciowa i zdolna do dzia\u0142ania, zrozumia\u0142am te\u017c, \u017ce to nie praca jest potrzebna mi, ale to ja jestem potrzebna mojej pracy. <br>Utwierdzi\u0142a mnie w przekonaniu, \u017ce warto zawalczy\u0107 o swoje potrzeby.<\/p>\n<p>I tak si\u0119 te\u017c sta\u0142o, nabra\u0142am odwagi, postawi\u0142am granice, powiedzia\u0142am czego oczekuj\u0119 i dopi\u0119\u0142am swego. Dzi\u015b nadal pracuj\u0119, ale ju\u017c na moich warunkach, <br>mam swoj\u0105 przestrze\u0144, atmosfera jest przyjazna &#8211; i tak \u2013 nadal lubi\u0119 moj\u0105 prac\u0119.<\/p>\n<p>I co mog\u0119 doda\u0107? Naprawd\u0119 ws\u0142uchujcie si\u0119 w s\u0142owa Karoliny,&nbsp; mo\u017ce nie wszystko Was dotknie, ale wierz\u0119, \u017ce z trudnych sytuacji\/relacji zawsze jest wyj\u015bcie. Trzeba tylko da\u0107 si\u0119 poprowadzi\u0107 i pos\u0142ucha\u0107 kogo\u015b z do\u015bwiadczeniem i wiedz\u0105, kogo\u015b kto m\u0105drze m\u00f3wi i jeszcze do tego jest dobrym cz\u0142owiekiem.&nbsp;<br><strong>subskrybentka kana\u0142u Fundacji<\/strong><\/p>\n<p>Zdarza si\u0119, \u017ce w r\u00f3\u017cnych sytuacjach \u017cyciowych mo\u017cemy napotka\u0107 trudnych ludzi. Jak poradzi\u0107 siebie z tak\u0105 relacj\u0105,&nbsp; aby ta znajomo\u015b\u0107&nbsp; nie wyrz\u0105dzi\u0142a krzywdy ani nam samym, ani innym? <br>Nie jeste\u015bmy w stanie zmieni\u0107 drugiej osoby, ale mo\u017cemy przez to przej\u015b\u0107 z Duchem \u015awi\u0119tym.&nbsp; <br>O tym wszystkim m\u00f3wi Karolina z fundacji Reaching Beyond- Si\u0119gaj\u0105c Nieba w serii \u201eTrudni ludzie, trudne sytuacj\u0119- a my i tak idziemy do przodu\u201d. Serdecznie polecam.&nbsp;<strong><br>subskrybentka kana\u0142u Fundacji<\/strong><\/p>\n<p><span style=\"color: var( --e-global-color-text ); font-family: var( --e-global-typography-text-font-family ), Sans-serif; font-weight: var( --e-global-typography-text-font-weight ); text-align: var(--text-align); font-size: 1rem;\">Dowiedzia\u0142am si\u0119 jak wa\u017cna jest przejrzysto\u015b\u0107 w prowadzeniu grupek, kt\u00f3ra tworzy przestrze\u0144 dla innych, w kt\u00f3rej mog\u0105 si\u0119 poczu\u0107 bezpiecznie. <br>Wcze\u015bniej nie zwraca\u0142am a\u017c takiej uwagi na takie przejrzyste komunikaty.<\/span><\/p>\n<p>R\u00f3wnie\u017c pomys\u0142 na metod\u0119 prowadzenia grupki przy pomocy rysunk\u00f3w i malunk\u00f3w, \u017ceby inaczej zaanga\u017cowa\u0107 grup\u0119 do dzielenia by\u0142 dla mnie bardzo dobry i na pewno skorzystam <img decoding=\"async\" class=\"emoji\" role=\"img\" draggable=\"false\" src=\"https:\/\/s.w.org\/images\/core\/emoji\/14.0.0\/svg\/1f642.svg\" alt=\"\ud83d\ude42\"><\/p>\n<p>Spotkanie z p. Karolem pomog\u0142o nam zrozumie\u0107, jak prowadzi\u0107 grupki dzielenia. Dzi\u0119kuj\u0119 za wszystkie zasady i przekazane nam wskaz\u00f3wki <img decoding=\"async\" class=\"emoji\" role=\"img\" draggable=\"false\" src=\"https:\/\/s.w.org\/images\/core\/emoji\/14.0.0\/svg\/1f642.svg\" alt=\"\ud83d\ude42\"><\/p>\n<p>Dzi\u0119kuj\u0119 za dzisiejsze spotkanie na temat grupek. Bardzo to pouk\u0142ada\u0142o wiedz\u0119, kt\u00f3r\u0105 mam i doda\u0142o wiele nowych informacji. <br>Teraz na pewno b\u0119dzie \u0142atwiej prowadzi\u0107 grupki dzielenia, gdy dok\u0142adnie wiem co mam robi\u0107.<\/p>\n<p>Dzi\u0119kuj\u0119 za cenne pomys\u0142y na grupki <img decoding=\"async\" class=\"emoji\" role=\"img\" draggable=\"false\" src=\"https:\/\/s.w.org\/images\/core\/emoji\/14.0.0\/svg\/1f49b.svg\" alt=\"\ud83d\udc9b\">.<\/p>\n<p>Pan Karol pom\u00f3g\u0142 mi zrozumie\u0107, jak prowadzi\u0107 grupk\u0119 oraz jak w niej uczestniczy\u0107. S\u0142owa pana Fromonta i jego rady bardzo pomog\u0142y mi pouk\u0142ada\u0107 sobie,<br>na czym polega grupka dzielenia. Jestem mu bardzo wdzi\u0119czna.<\/p>\n<p>Podczas spotkania zosta\u0142y jasno wyt\u0142umaczone&nbsp; zasady prowadzenia grupek. <br>Wiele rzeczy wiedzia\u0142em, ale bardziej pan to wszystko uporz\u0105dkowa\u0142 :)) Dzi\u0119kuj\u0119!<br><strong>Uczestnicy spotkania w ramach projektu \u201eM\u0142odzi pytaj\u0105\u201d &#8211; Kompania Jonatana<\/strong><\/p>\n<p>Pan Karol Fromont z Fundacji Reaching Beyond s\u0142u\u017cy\u0142 naszej wsp\u00f3lnocie w czasie rekolekcji letnich. Prowadzi\u0142 nauczanie, rozmowy indywidualne z m\u0142odzie\u017c\u0105 <br>jak i osobami odpowiedzialnymi. Jeste\u015bmy wdzi\u0119czni za dzielenie si\u0119 swoj\u0105 wiedz\u0105, do\u015bwiadczeniem , za towarzyszenie w modlitwie. Czekamy na kolejne spotkanie <img decoding=\"async\" class=\"emoji\" role=\"img\" draggable=\"false\" src=\"https:\/\/s.w.org\/images\/core\/emoji\/14.0.0\/svg\/1f642.svg\" alt=\"\ud83d\ude42\">.<br><strong style=\"color: var( --e-global-color-text ); font-family: var( --e-global-typography-text-font-family ), Sans-serif; text-align: var(--text-align); font-size: 1rem;\">Wsp\u00f3lnota Kompania Jonatana<\/strong><\/p>\n<p>Pani Karolina i Pan Karol Fromont z Fundacji Reaching Beyond \u2013 Si\u0119gaj\u0105c Nieba wsp\u00f3\u0142pracuj\u0105 z Centrum Duszpasterstwa M\u0142odzie\u017cy Archidiecezji Lubelskiej pos\u0142uguj\u0105c m\u0142odym ludziom mi\u0119dzy innymi poprzez indywidualne rozmowy w Centrum podczas dy\u017cur\u00f3w, oraz dziel\u0105c si\u0119 swoim do\u015bwiadczeniem i wiedz\u0105 w serii film\u00f3w formacyjno-edukacyjnych pt. \u201eNie-codzienne rozmowy o\u2026\u201d, kt\u00f3re udost\u0119pniane s\u0105 na platformie YouTube CDM. Doceniam dotychczasowe zaanga\u017cowania Fundacji Reaching Beyond \u2013 Si\u0119gaj\u0105c Nieba w duszpasterstwo oraz odpowiedzialne podej\u015bcie do m\u0142odych, do\u015bwiadczenie duszpasterskie oraz nieustanne podnoszenie swoich kompetencji . Mam nadziej\u0119, \u017ce nasza wsp\u00f3\u0142praca b\u0119dzie przynosi\u0142a dobre owoce w \u017cyciu m\u0142odych Archidiecezji&nbsp;Lubelskiej.<br><strong>Ks. Damian Szewczyk, Archidiecezjalny Duszpasterz M\u0142odzie\u017cy Archidiecezji Lubelskiej<\/strong><\/p>\n<p><strong>&nbsp;<\/strong><\/p>\t\t\t\t\t\t\t\t<\/div>\n\t\t\t\t<\/div>\n\t\t\t\t<\/div>\n\t\t<div class=\"elementor-element elementor-element-e9446e9 e-con-full e-flex e-con e-parent\" data-id=\"e9446e9\" data-element_type=\"container\" data-e-type=\"container\">\n\t\t\t\t<div class=\"elementor-element elementor-element-8a0c11c elementor-widget__width-initial elementor-widget elementor-widget-video\" data-id=\"8a0c11c\" data-element_type=\"widget\" data-e-type=\"widget\" data-settings=\"{&quot;youtube_url&quot;:&quot;https:\\\/\\\/www.youtube.com\\\/watch?v=NR_0px274pE&quot;,&quot;video_type&quot;:&quot;youtube&quot;,&quot;controls&quot;:&quot;yes&quot;}\" data-widget_type=\"video.default\">\n\t\t\t\t<div class=\"elementor-widget-container\">\n\t\t\t\t\t\t\t<div class=\"elementor-wrapper elementor-open-inline\">\n\t\t\t<div class=\"elementor-video\"><\/div>\t\t<\/div>\n\t\t\t\t\t\t<\/div>\n\t\t\t\t<\/div>\n\t\t\t\t<\/div>\n\t\t\t\t<\/div>\n\t\t","protected":false},"excerpt":{"rendered":"<p>Mentoring by\u0142 dla mnie przygod\u0105, w czasie kt\u00f3rej mia\u0142am okazj\u0119 do lepszego poznania moich potrzeb, marze\u0144 i warto\u015bci. Spotkania z p. Karolem Fromontem zawsze by\u0142y przeprowadzone z uwa\u017cno\u015bci\u0105 i dociekliwo\u015bci\u0105. Dzi\u0119ki nim poczu\u0142am, \u017ce jestem Talentem wartym odkrycia oraz pozna\u0142am narz\u0119dzia, kt\u00f3re pomagaj\u0105 mi na co dzie\u0144 w lepszym rozumieniu siebie&nbsp;i innych. Z serca polecam! [&hellip;]<\/p>\n","protected":false},"author":1,"featured_media":0,"parent":0,"menu_order":0,"comment_status":"closed","ping_status":"closed","template":"","meta":{"footnotes":""},"class_list":["post-53","page","type-page","status-publish","hentry"],"_links":{"self":[{"href":"https:\/\/www.reachingbeyond.eu\/index.php\/wp-json\/wp\/v2\/pages\/53","targetHints":{"allow":["GET"]}}],"collection":[{"href":"https:\/\/www.reachingbeyond.eu\/index.php\/wp-json\/wp\/v2\/pages"}],"about":[{"href":"https:\/\/www.reachingbeyond.eu\/index.php\/wp-json\/wp\/v2\/types\/page"}],"author":[{"embeddable":true,"href":"https:\/\/www.reachingbeyond.eu\/index.php\/wp-json\/wp\/v2\/users\/1"}],"replies":[{"embeddable":true,"href":"https:\/\/www.reachingbeyond.eu\/index.php\/wp-json\/wp\/v2\/comments?post=53"}],"version-history":[{"count":262,"href":"https:\/\/www.reachingbeyond.eu\/index.php\/wp-json\/wp\/v2\/pages\/53\/revisions"}],"predecessor-version":[{"id":2749,"href":"https:\/\/www.reachingbeyond.eu\/index.php\/wp-json\/wp\/v2\/pages\/53\/revisions\/2749"}],"wp:attachment":[{"href":"https:\/\/www.reachingbeyond.eu\/index.php\/wp-json\/wp\/v2\/media?parent=53"}],"curies":[{"name":"wp","href":"https:\/\/api.w.org\/{rel}","templated":true}]}}