{"id":72,"date":"2021-01-16T15:29:27","date_gmt":"2021-01-16T15:29:27","guid":{"rendered":"https:\/\/www.reachingbeyond.eu\/?page_id=72"},"modified":"2023-10-04T09:53:20","modified_gmt":"2023-10-04T09:53:20","slug":"o-nas","status":"publish","type":"page","link":"https:\/\/www.reachingbeyond.eu\/index.php\/o-nas\/","title":{"rendered":"O nas"},"content":{"rendered":"\t\t<div data-elementor-type=\"wp-page\" data-elementor-id=\"72\" class=\"elementor elementor-72\" data-elementor-post-type=\"page\">\n\t\t\t\t\t\t<section class=\"elementor-section elementor-top-section elementor-element elementor-element-ec230fa elementor-section-boxed elementor-section-height-default elementor-section-height-default\" data-id=\"ec230fa\" data-element_type=\"section\" data-e-type=\"section\">\n\t\t\t\t\t\t<div class=\"elementor-container elementor-column-gap-default\">\n\t\t\t\t\t<div class=\"elementor-column elementor-col-50 elementor-top-column elementor-element elementor-element-4f51aaf\" data-id=\"4f51aaf\" data-element_type=\"column\" data-e-type=\"column\">\n\t\t\t<div class=\"elementor-widget-wrap elementor-element-populated\">\n\t\t\t\t\t\t<div class=\"elementor-element elementor-element-4de854f elementor-widget elementor-widget-text-editor\" data-id=\"4de854f\" data-element_type=\"widget\" data-e-type=\"widget\" data-widget_type=\"text-editor.default\">\n\t\t\t\t<div class=\"elementor-widget-container\">\n\t\t\t\t\t\t\t\t\t<p style=\"padding-left: 40px;\">Witajcie!<\/p>\n<p style=\"padding-left: 40px;\">Z tej strony&nbsp;<span style=\"color: var( --e-global-color-text ); font-family: var( --e-global-typography-text-font-family ), Sans-serif; font-weight: var( --e-global-typography-text-font-weight ); font-size: 1rem;\">Karolina i Karol Fromont, czyli tak naprawd\u0119 zarz\u0105d Fundacji Reaching Beyond &#8211; Si\u0119gaj\u0105c Nieba.<\/span><\/p>\n<p style=\"padding-left: 40px;\"><span style=\"color: var( --e-global-color-text ); font-family: var( --e-global-typography-text-font-family ), Sans-serif; font-weight: var( --e-global-typography-text-font-weight ); font-size: 1rem;\">Nie jest prosto w kilku s\u0142owach opowiedzie\u0107 o sobie na tyle kr\u00f3tko, <br>by nikogo opowiastk\u0105 nie u\u015bpi\u0107, ale na tyle interesuj\u0105co, <br>by\u015bcie mieli wra\u017cenie, \u017ce ju\u017c troch\u0119 nas znacie.&nbsp;<\/span><\/p>\n<p style=\"padding-left: 40px;\"><span style=\"color: var( --e-global-color-text ); font-family: var( --e-global-typography-text-font-family ), Sans-serif; font-weight: var( --e-global-typography-text-font-weight ); font-size: 1rem;\">Mo\u017ce ju\u017c si\u0119 zorientowali\u015bcie, \u017ce jeste\u015bmy ma\u0142\u017ce\u0144stwem.<br>Ponad 20 lat kroczymy ze sob\u0105 rami\u0119 w rami\u0119. Solidn\u0105 cz\u0119\u015b\u0107 naszego ma\u0142\u017ce\u0144skiego \u017cycia sp\u0119dzili\u015bmy na pos\u0142udze misyjnej. Jako misjonarze mieli\u015bmy zaszczyt i niebywa\u0142\u0105 przyjemno\u015b\u0107 odwiedzi\u0107 takie kraje jak <\/span><span style=\"color: var( --e-global-color-text ); font-family: var( --e-global-typography-text-font-family ), Sans-serif; font-weight: var( --e-global-typography-text-font-weight ); font-size: 1rem;\">Filipiny, Korea Po\u0142udniowa, Singapur, Niemcy, Austria, Irlandia, czy Stany Zjednoczone Ameryki.&nbsp;W ka\u017cdym z tych kraj\u00f3w poznawali\u015bmy wiele r\u00f3\u017cnych kultur, wspania\u0142ych ludzi i mieli\u015bmy okazj\u0119 nie raz ujrze\u0107 pi\u0119kno lokalnej przyrody, <br>co wzbogaci\u0142o nas o nowe do\u015bwiadczenia, doznania i uwra\u017cliwi\u0142o nasze wn\u0119trza.<\/span><\/p>\n<p style=\"padding-left: 40px;\">Po powrocie do Polski zacz\u0119li\u015bmy prowadzi\u0107 rekolekcje dla r\u00f3\u017cnych grup wiekowych, spotkania formacyjne, warsztaty z zakresu komunikacji <br>i odkrywania swojego potencja\u0142u oraz pracy z grupami, szkolenia ewangelizacyjne i katechetyczne, spotkania misyjne oraz spotkania ukazuj\u0105ce bogactwo r\u00f3\u017cnych kultur, w kt\u00f3rych \u017cyli\u015bmy.&nbsp;<\/p>\n<p style=\"padding-left: 40px;\">I wtedy zrodzi\u0142a si\u0119 w nas my\u015bl, \u017ceby za\u0142o\u017cy\u0107 Fundacj\u0119&#8230;&nbsp;<\/p>\t\t\t\t\t\t\t\t<\/div>\n\t\t\t\t<\/div>\n\t\t\t\t\t<\/div>\n\t\t<\/div>\n\t\t\t\t<div class=\"elementor-column elementor-col-50 elementor-top-column elementor-element elementor-element-e4cbf7a\" data-id=\"e4cbf7a\" data-element_type=\"column\" data-e-type=\"column\">\n\t\t\t<div class=\"elementor-widget-wrap elementor-element-populated\">\n\t\t\t\t\t\t<div class=\"elementor-element elementor-element-9cbf5bf elementor-widget elementor-widget-image\" data-id=\"9cbf5bf\" data-element_type=\"widget\" data-e-type=\"widget\" data-widget_type=\"image.default\">\n\t\t\t\t<div class=\"elementor-widget-container\">\n\t\t\t\t\t\t\t\t\t\t\t\t\t\t\t<img fetchpriority=\"high\" decoding=\"async\" width=\"479\" height=\"517\" src=\"https:\/\/www.reachingbeyond.eu\/wp-content\/uploads\/2021\/01\/poslanie-na-filipiny-8.jpg\" class=\"attachment-large size-large wp-image-36\" alt=\"\" srcset=\"https:\/\/www.reachingbeyond.eu\/wp-content\/uploads\/2021\/01\/poslanie-na-filipiny-8.jpg 479w, https:\/\/www.reachingbeyond.eu\/wp-content\/uploads\/2021\/01\/poslanie-na-filipiny-8-278x300.jpg 278w\" sizes=\"(max-width: 479px) 100vw, 479px\" \/>\t\t\t\t\t\t\t\t\t\t\t\t\t\t\t<\/div>\n\t\t\t\t<\/div>\n\t\t\t\t\t<\/div>\n\t\t<\/div>\n\t\t\t\t\t<\/div>\n\t\t<\/section>\n\t\t\t\t<section class=\"elementor-section elementor-top-section elementor-element elementor-element-c5a98af elementor-section-boxed elementor-section-height-default elementor-section-height-default\" data-id=\"c5a98af\" data-element_type=\"section\" data-e-type=\"section\">\n\t\t\t\t\t\t<div class=\"elementor-container elementor-column-gap-default\">\n\t\t\t\t\t<div class=\"elementor-column elementor-col-100 elementor-top-column elementor-element elementor-element-b3e68ac\" data-id=\"b3e68ac\" data-element_type=\"column\" data-e-type=\"column\">\n\t\t\t<div class=\"elementor-widget-wrap elementor-element-populated\">\n\t\t\t\t\t\t<div class=\"elementor-element elementor-element-2838497 elementor-blockquote--skin-boxed elementor-widget elementor-widget-blockquote\" data-id=\"2838497\" data-element_type=\"widget\" data-e-type=\"widget\" data-widget_type=\"blockquote.default\">\n\t\t\t\t<div class=\"elementor-widget-container\">\n\t\t\t\t\t\t\t<blockquote class=\"elementor-blockquote\">\n\t\t\t<p class=\"elementor-blockquote__content\">\n\t\t\t\tCelem Fundacji jest zintegrowanie cz\u0142owieka w ka\u017cdym aspekcie \u017cycia (w relacji do Boga, relacji z innymi, odkrywaniu siebie samego); kszta\u0142towanie i formowanie do mi\u0142o\u015bci w ma\u0142\u017ce\u0144stwie, kap\u0142a\u0144stwie, zakonie, byciu singlem; pomoc tym, kt\u00f3rzy na obecnym etapie swojego \u017cycia potrzebuj\u0105\t\t\t<\/p>\n\t\t\t\t\t<\/blockquote>\n\t\t\t\t\t\t<\/div>\n\t\t\t\t<\/div>\n\t\t\t\t\t<\/div>\n\t\t<\/div>\n\t\t\t\t\t<\/div>\n\t\t<\/section>\n\t\t\t\t<section class=\"elementor-section elementor-top-section elementor-element elementor-element-873e7eb elementor-section-boxed elementor-section-height-default elementor-section-height-default\" data-id=\"873e7eb\" data-element_type=\"section\" data-e-type=\"section\">\n\t\t\t\t\t\t<div class=\"elementor-container elementor-column-gap-default\">\n\t\t\t\t\t<div class=\"elementor-column elementor-col-100 elementor-top-column elementor-element elementor-element-9b48026\" data-id=\"9b48026\" data-element_type=\"column\" data-e-type=\"column\">\n\t\t\t<div class=\"elementor-widget-wrap elementor-element-populated\">\n\t\t\t\t\t\t<div class=\"elementor-element elementor-element-8e6ceb5 elementor-widget__width-initial elementor-widget elementor-widget-video\" data-id=\"8e6ceb5\" data-element_type=\"widget\" data-e-type=\"widget\" data-settings=\"{&quot;video_type&quot;:&quot;hosted&quot;,&quot;controls&quot;:&quot;yes&quot;}\" data-widget_type=\"video.default\">\n\t\t\t\t<div class=\"elementor-widget-container\">\n\t\t\t\t\t\t\t<div class=\"e-hosted-video elementor-wrapper elementor-open-inline\">\n\t\t\t\t\t<video class=\"elementor-video\" src=\"https:\/\/www.reachingbeyond.eu\/wp-content\/uploads\/2021\/03\/Pol-zartem-malzenstwo.mp4\" controls=\"\" preload=\"metadata\" controlsList=\"nodownload\"><\/video>\n\t\t\t\t<\/div>\n\t\t\t\t\t\t<\/div>\n\t\t\t\t<\/div>\n\t\t\t\t\t<\/div>\n\t\t<\/div>\n\t\t\t\t\t<\/div>\n\t\t<\/section>\n\t\t\t\t<\/div>\n\t\t","protected":false},"excerpt":{"rendered":"<p>Witajcie! Z tej strony&nbsp;Karolina i Karol Fromont, czyli tak naprawd\u0119 zarz\u0105d Fundacji Reaching Beyond &#8211; Si\u0119gaj\u0105c Nieba. Nie jest prosto w kilku s\u0142owach opowiedzie\u0107 o sobie na tyle kr\u00f3tko, by nikogo opowiastk\u0105 nie u\u015bpi\u0107, ale na tyle interesuj\u0105co, by\u015bcie mieli wra\u017cenie, \u017ce ju\u017c troch\u0119 nas znacie.&nbsp; Mo\u017ce ju\u017c si\u0119 zorientowali\u015bcie, \u017ce jeste\u015bmy ma\u0142\u017ce\u0144stwem.Ponad 20 lat [&hellip;]<\/p>\n","protected":false},"author":1,"featured_media":0,"parent":0,"menu_order":0,"comment_status":"closed","ping_status":"closed","template":"","meta":{"footnotes":""},"class_list":["post-72","page","type-page","status-publish","hentry"],"_links":{"self":[{"href":"https:\/\/www.reachingbeyond.eu\/index.php\/wp-json\/wp\/v2\/pages\/72","targetHints":{"allow":["GET"]}}],"collection":[{"href":"https:\/\/www.reachingbeyond.eu\/index.php\/wp-json\/wp\/v2\/pages"}],"about":[{"href":"https:\/\/www.reachingbeyond.eu\/index.php\/wp-json\/wp\/v2\/types\/page"}],"author":[{"embeddable":true,"href":"https:\/\/www.reachingbeyond.eu\/index.php\/wp-json\/wp\/v2\/users\/1"}],"replies":[{"embeddable":true,"href":"https:\/\/www.reachingbeyond.eu\/index.php\/wp-json\/wp\/v2\/comments?post=72"}],"version-history":[{"count":271,"href":"https:\/\/www.reachingbeyond.eu\/index.php\/wp-json\/wp\/v2\/pages\/72\/revisions"}],"predecessor-version":[{"id":2480,"href":"https:\/\/www.reachingbeyond.eu\/index.php\/wp-json\/wp\/v2\/pages\/72\/revisions\/2480"}],"wp:attachment":[{"href":"https:\/\/www.reachingbeyond.eu\/index.php\/wp-json\/wp\/v2\/media?parent=72"}],"curies":[{"name":"wp","href":"https:\/\/api.w.org\/{rel}","templated":true}]}}